{"id":697,"date":"2026-04-27T11:22:25","date_gmt":"2026-04-27T09:22:25","guid":{"rendered":"https:\/\/www.lindforsarkitekt.se\/?page_id=697"},"modified":"2026-04-28T15:04:36","modified_gmt":"2026-04-28T13:04:36","slug":"skogskapellet-i-kungabacka","status":"publish","type":"page","link":"https:\/\/www.lindforsarkitekt.se\/?page_id=697","title":{"rendered":"Skogskapellet i Kungsbacka"},"content":{"rendered":"\n<p>Lindfors Arkitektkontor har tagit fram f\u00f6rslaget f\u00f6r om- och tillbyggnad av Skogskapellet i Kungsbacka. M\u00e5let har varit att b\u00e5de bevara och<br>samspela med kapellets befintliga formspr\u00e5k, att tillskotten anpassas men ocks\u00e5 ges ett eget uttryck som tillf\u00f6r n\u00e5got nytt.<br>Kapellet markerar entr\u00e9n f\u00f6r b\u00e5de bes\u00f6kare till kapellet och kyrkog\u00e5rden. Anknytningen till naturen \u00e4r stor, b\u00e5de form -och<br>materialm\u00e4ssigt.<\/p>\n\n\n\n<figure class=\"wp-block-image size-large\"><img loading=\"lazy\" decoding=\"async\" width=\"1306\" height=\"735\" src=\"https:\/\/www.lindforsarkitekt.se\/wp-content\/uploads\/2026\/04\/8-edited.jpg\" alt=\"\" class=\"wp-image-700\" srcset=\"https:\/\/www.lindforsarkitekt.se\/wp-content\/uploads\/2026\/04\/8-edited.jpg 1306w, https:\/\/www.lindforsarkitekt.se\/wp-content\/uploads\/2026\/04\/8-edited-300x169.jpg 300w, https:\/\/www.lindforsarkitekt.se\/wp-content\/uploads\/2026\/04\/8-edited-1024x576.jpg 1024w, https:\/\/www.lindforsarkitekt.se\/wp-content\/uploads\/2026\/04\/8-edited-600x338.jpg 600w, https:\/\/www.lindforsarkitekt.se\/wp-content\/uploads\/2026\/04\/8-edited-1200x675.jpg 1200w\" sizes=\"auto, (max-width: 1306px) 100vw, 1306px\" \/><\/figure>\n\n\n\n<p>Programm\u00e4ssigt har utg\u00e5ngspunkten varit att ut\u00f6ka ceremonisalens kapacitet och att skapa en v\u00e4lkomnande och tillg\u00e4nglig<br>entr\u00e9 f\u00f6r alla, med en stor foaj\u00e9 inomhus. Dessutom har det varit viktigt att f\u00e5 ett v\u00e4rdigt och tillg\u00e4ngligt visningsrum i k\u00e4llaren,<br>som ocks\u00e5 n\u00e5s fr\u00e5n foaj\u00e9n. Ut\u00f6ver detta har syftet varit att f\u00f6rb\u00e4ttra arbetsmilj\u00f6n, modernisera de tekniska systemen<br>och \u00f6ka ytorna och ge b\u00e4ttre f\u00f6ruts\u00e4ttningar f\u00f6r bis\u00e4ttning i k\u00e4llaren. Den utv\u00e4ndiga tillg\u00e4ngligheten f\u00f6rb\u00e4ttras ocks\u00e5 med<br>tillg\u00e4nglig parkeringsplats, l\u00e4gre lutning p\u00e5 g\u00e5ngv\u00e4gar, nya handledare och mm. Den befintliga bilrampen ner till k\u00e4llaren \/<br>bis\u00e4ttningen uppfyller inte dagens krav &#8211; rampen lutar f\u00f6r mycket och plan yta f\u00f6r avlastning saknas. D\u00e4rf\u00f6r skapas en helt ny<br>ramp med avlastningsyta.<\/p>\n\n\n\n<div class=\"wp-block-columns is-layout-flex wp-container-core-columns-is-layout-28f84493 wp-block-columns-is-layout-flex\">\n<div class=\"wp-block-column is-layout-flow wp-block-column-is-layout-flow\" style=\"flex-basis:100%\">\n<figure class=\"wp-block-gallery has-nested-images columns-default is-cropped wp-block-gallery-1 is-layout-flex wp-block-gallery-is-layout-flex\">\n<figure class=\"wp-block-image size-large\"><img loading=\"lazy\" decoding=\"async\" width=\"1024\" height=\"768\" data-id=\"731\" src=\"https:\/\/www.lindforsarkitekt.se\/wp-content\/uploads\/2026\/04\/IMG_0060-4-1024x768.jpg\" alt=\"\" class=\"wp-image-731\" srcset=\"https:\/\/www.lindforsarkitekt.se\/wp-content\/uploads\/2026\/04\/IMG_0060-4-1024x768.jpg 1024w, https:\/\/www.lindforsarkitekt.se\/wp-content\/uploads\/2026\/04\/IMG_0060-4-300x225.jpg 300w, https:\/\/www.lindforsarkitekt.se\/wp-content\/uploads\/2026\/04\/IMG_0060-4-2000x1500.jpg 2000w\" sizes=\"auto, (max-width: 1024px) 100vw, 1024px\" \/><\/figure>\n\n\n\n<figure class=\"wp-block-image size-large\"><img loading=\"lazy\" decoding=\"async\" width=\"1024\" height=\"768\" data-id=\"732\" src=\"https:\/\/www.lindforsarkitekt.se\/wp-content\/uploads\/2026\/04\/IMG_0062-1024x768.jpg\" alt=\"\" class=\"wp-image-732\" srcset=\"https:\/\/www.lindforsarkitekt.se\/wp-content\/uploads\/2026\/04\/IMG_0062-1024x768.jpg 1024w, https:\/\/www.lindforsarkitekt.se\/wp-content\/uploads\/2026\/04\/IMG_0062-300x225.jpg 300w, https:\/\/www.lindforsarkitekt.se\/wp-content\/uploads\/2026\/04\/IMG_0062-2000x1500.jpg 2000w\" sizes=\"auto, (max-width: 1024px) 100vw, 1024px\" \/><\/figure>\n\n\n\n<figure class=\"wp-block-image size-large\"><img loading=\"lazy\" decoding=\"async\" width=\"1024\" height=\"768\" data-id=\"733\" src=\"https:\/\/www.lindforsarkitekt.se\/wp-content\/uploads\/2026\/04\/IMG_0459-1024x768.jpg\" alt=\"\" class=\"wp-image-733\" srcset=\"https:\/\/www.lindforsarkitekt.se\/wp-content\/uploads\/2026\/04\/IMG_0459-1024x768.jpg 1024w, https:\/\/www.lindforsarkitekt.se\/wp-content\/uploads\/2026\/04\/IMG_0459-300x225.jpg 300w, https:\/\/www.lindforsarkitekt.se\/wp-content\/uploads\/2026\/04\/IMG_0459-2000x1500.jpg 2000w\" sizes=\"auto, (max-width: 1024px) 100vw, 1024px\" \/><\/figure>\n<\/figure>\n<\/div>\n<\/div>\n\n\n\n<p id=\"block-55b3159d-5974-4898-850c-9006c69c11c8\">Skogskapellet uppf\u00f6rdes 1968 och ritades av arkitekt Rolf Ahlberg fr\u00e5n Falkenberg. Byggnaden som \u00e4r uppf\u00f6rd i en tydligt<br>modernistisk period pr\u00e4glas b\u00e5de av sin tids stramhet och ett traditionellt och formspr\u00e5k med tydligt kyrklig pr\u00e4gel.<\/p>\n\n\n\n<p id=\"block-2ebb8622-221c-4e91-8fc2-a0897557a47a\">Arbetet med tillbyggnaden \u00e4r planerad till h\u00f6sten 2026.<\/p>\n\n\n\n<div class=\"wp-block-columns is-layout-flex wp-container-core-columns-is-layout-28f84493 wp-block-columns-is-layout-flex\">\n<div class=\"wp-block-column is-layout-flow wp-block-column-is-layout-flow\" style=\"flex-basis:100%\">\n<figure class=\"wp-block-gallery has-nested-images columns-default is-cropped wp-block-gallery-2 is-layout-flex wp-block-gallery-is-layout-flex\">\n<figure class=\"wp-block-image size-large\"><img loading=\"lazy\" decoding=\"async\" width=\"1024\" height=\"576\" data-id=\"747\" src=\"https:\/\/www.lindforsarkitekt.se\/wp-content\/uploads\/2026\/04\/8B-edited-1-1024x576.jpg\" alt=\"\" class=\"wp-image-747\" srcset=\"https:\/\/www.lindforsarkitekt.se\/wp-content\/uploads\/2026\/04\/8B-edited-1-1024x576.jpg 1024w, https:\/\/www.lindforsarkitekt.se\/wp-content\/uploads\/2026\/04\/8B-edited-1-300x169.jpg 300w, https:\/\/www.lindforsarkitekt.se\/wp-content\/uploads\/2026\/04\/8B-edited-1-600x337.jpg 600w, https:\/\/www.lindforsarkitekt.se\/wp-content\/uploads\/2026\/04\/8B-edited-1-1200x675.jpg 1200w, https:\/\/www.lindforsarkitekt.se\/wp-content\/uploads\/2026\/04\/8B-edited-1.jpg 1272w\" sizes=\"auto, (max-width: 1024px) 100vw, 1024px\" \/><\/figure>\n<\/figure>\n<\/div>\n<\/div>\n\n\n\n<figure class=\"wp-block-gallery has-nested-images columns-default is-cropped wp-block-gallery-3 is-layout-flex wp-block-gallery-is-layout-flex\">\n<figure class=\"wp-block-image size-large\"><img loading=\"lazy\" decoding=\"async\" width=\"1078\" height=\"591\" data-id=\"744\" src=\"https:\/\/www.lindforsarkitekt.se\/wp-content\/uploads\/2026\/04\/9B-Ny-edited.jpg\" alt=\"\" class=\"wp-image-744\" srcset=\"https:\/\/www.lindforsarkitekt.se\/wp-content\/uploads\/2026\/04\/9B-Ny-edited.jpg 1078w, https:\/\/www.lindforsarkitekt.se\/wp-content\/uploads\/2026\/04\/9B-Ny-edited-300x164.jpg 300w, https:\/\/www.lindforsarkitekt.se\/wp-content\/uploads\/2026\/04\/9B-Ny-edited-1024x561.jpg 1024w\" sizes=\"auto, (max-width: 1078px) 100vw, 1078px\" \/><\/figure>\n\n\n\n<figure class=\"wp-block-image size-large\"><img loading=\"lazy\" decoding=\"async\" width=\"1024\" height=\"576\" data-id=\"700\" src=\"https:\/\/www.lindforsarkitekt.se\/wp-content\/uploads\/2026\/04\/8-edited-1024x576.jpg\" alt=\"\" class=\"wp-image-700\" srcset=\"https:\/\/www.lindforsarkitekt.se\/wp-content\/uploads\/2026\/04\/8-edited-1024x576.jpg 1024w, https:\/\/www.lindforsarkitekt.se\/wp-content\/uploads\/2026\/04\/8-edited-300x169.jpg 300w, https:\/\/www.lindforsarkitekt.se\/wp-content\/uploads\/2026\/04\/8-edited-600x338.jpg 600w, https:\/\/www.lindforsarkitekt.se\/wp-content\/uploads\/2026\/04\/8-edited-1200x675.jpg 1200w, https:\/\/www.lindforsarkitekt.se\/wp-content\/uploads\/2026\/04\/8-edited.jpg 1306w\" sizes=\"auto, (max-width: 1024px) 100vw, 1024px\" \/><figcaption class=\"wp-element-caption\">Om- och tillbyggnad av Skogskapellet i Kungabacka<\/figcaption><\/figure>\n\n\n\n<figure class=\"wp-block-image size-large\"><img loading=\"lazy\" decoding=\"async\" width=\"1272\" height=\"715\" data-id=\"742\" src=\"https:\/\/www.lindforsarkitekt.se\/wp-content\/uploads\/2026\/04\/6-edited.jpg\" alt=\"\" class=\"wp-image-742\" srcset=\"https:\/\/www.lindforsarkitekt.se\/wp-content\/uploads\/2026\/04\/6-edited.jpg 1272w, https:\/\/www.lindforsarkitekt.se\/wp-content\/uploads\/2026\/04\/6-edited-300x169.jpg 300w, https:\/\/www.lindforsarkitekt.se\/wp-content\/uploads\/2026\/04\/6-edited-1024x576.jpg 1024w\" sizes=\"auto, (max-width: 1272px) 100vw, 1272px\" \/><\/figure>\n\n\n\n<figure class=\"wp-block-image size-large\"><img loading=\"lazy\" decoding=\"async\" width=\"1024\" height=\"576\" data-id=\"749\" src=\"https:\/\/www.lindforsarkitekt.se\/wp-content\/uploads\/2026\/04\/3-1024x576.jpg\" alt=\"\" class=\"wp-image-749\" srcset=\"https:\/\/www.lindforsarkitekt.se\/wp-content\/uploads\/2026\/04\/3-1024x576.jpg 1024w, https:\/\/www.lindforsarkitekt.se\/wp-content\/uploads\/2026\/04\/3-300x169.jpg 300w, https:\/\/www.lindforsarkitekt.se\/wp-content\/uploads\/2026\/04\/3.jpg 1920w\" sizes=\"auto, (max-width: 1024px) 100vw, 1024px\" \/><\/figure>\n\n\n\n<figure class=\"wp-block-image size-large\"><img loading=\"lazy\" decoding=\"async\" width=\"1024\" height=\"576\" data-id=\"704\" src=\"https:\/\/www.lindforsarkitekt.se\/wp-content\/uploads\/2026\/04\/13C-edited-1024x576.jpg\" alt=\"\" class=\"wp-image-704\" srcset=\"https:\/\/www.lindforsarkitekt.se\/wp-content\/uploads\/2026\/04\/13C-edited-1024x576.jpg 1024w, https:\/\/www.lindforsarkitekt.se\/wp-content\/uploads\/2026\/04\/13C-edited-300x169.jpg 300w, https:\/\/www.lindforsarkitekt.se\/wp-content\/uploads\/2026\/04\/13C-edited.jpg 1272w\" sizes=\"auto, (max-width: 1024px) 100vw, 1024px\" \/><\/figure>\n\n\n\n<figure class=\"wp-block-image size-large\"><img loading=\"lazy\" decoding=\"async\" width=\"1024\" height=\"576\" data-id=\"707\" src=\"https:\/\/www.lindforsarkitekt.se\/wp-content\/uploads\/2026\/04\/vy-2-1024x576.jpg\" alt=\"\" class=\"wp-image-707\" srcset=\"https:\/\/www.lindforsarkitekt.se\/wp-content\/uploads\/2026\/04\/vy-2-1024x576.jpg 1024w, https:\/\/www.lindforsarkitekt.se\/wp-content\/uploads\/2026\/04\/vy-2-300x169.jpg 300w, https:\/\/www.lindforsarkitekt.se\/wp-content\/uploads\/2026\/04\/vy-2.jpg 1920w\" sizes=\"auto, (max-width: 1024px) 100vw, 1024px\" \/><\/figure>\n\n\n\n<figure class=\"wp-block-image size-large\"><img loading=\"lazy\" decoding=\"async\" width=\"1024\" height=\"576\" data-id=\"706\" src=\"https:\/\/www.lindforsarkitekt.se\/wp-content\/uploads\/2026\/04\/vy-18-1024x576.jpg\" alt=\"\" class=\"wp-image-706\" srcset=\"https:\/\/www.lindforsarkitekt.se\/wp-content\/uploads\/2026\/04\/vy-18-1024x576.jpg 1024w, https:\/\/www.lindforsarkitekt.se\/wp-content\/uploads\/2026\/04\/vy-18-300x169.jpg 300w, https:\/\/www.lindforsarkitekt.se\/wp-content\/uploads\/2026\/04\/vy-18.jpg 1920w\" sizes=\"auto, (max-width: 1024px) 100vw, 1024px\" \/><\/figure>\n\n\n\n<figure class=\"wp-block-image size-large\"><img loading=\"lazy\" decoding=\"async\" width=\"1024\" height=\"576\" data-id=\"705\" src=\"https:\/\/www.lindforsarkitekt.se\/wp-content\/uploads\/2026\/04\/vy-12-1024x576.jpg\" alt=\"\" class=\"wp-image-705\" srcset=\"https:\/\/www.lindforsarkitekt.se\/wp-content\/uploads\/2026\/04\/vy-12-1024x576.jpg 1024w, https:\/\/www.lindforsarkitekt.se\/wp-content\/uploads\/2026\/04\/vy-12-300x169.jpg 300w, https:\/\/www.lindforsarkitekt.se\/wp-content\/uploads\/2026\/04\/vy-12.jpg 1920w\" sizes=\"auto, (max-width: 1024px) 100vw, 1024px\" \/><\/figure>\n<\/figure>\n\n\n\n<p id=\"block-63629c47-2585-4e6b-9a3a-a4ed820efa81\"><\/p>\n\n\n\n<figure class=\"wp-block-image size-large\"><img loading=\"lazy\" decoding=\"async\" width=\"1024\" height=\"724\" src=\"https:\/\/www.lindforsarkitekt.se\/wp-content\/uploads\/2026\/04\/MOODBOARD-SKOGSKAPELLET-2026-03-20_Page_6-1024x724.jpg\" alt=\"\" class=\"wp-image-853\" srcset=\"https:\/\/www.lindforsarkitekt.se\/wp-content\/uploads\/2026\/04\/MOODBOARD-SKOGSKAPELLET-2026-03-20_Page_6-1024x724.jpg 1024w, https:\/\/www.lindforsarkitekt.se\/wp-content\/uploads\/2026\/04\/MOODBOARD-SKOGSKAPELLET-2026-03-20_Page_6-300x212.jpg 300w, https:\/\/www.lindforsarkitekt.se\/wp-content\/uploads\/2026\/04\/MOODBOARD-SKOGSKAPELLET-2026-03-20_Page_6-2000x1415.jpg 2000w\" sizes=\"auto, (max-width: 1024px) 100vw, 1024px\" \/><\/figure>\n\n\n\n<figure class=\"wp-block-image size-large\"><img loading=\"lazy\" decoding=\"async\" width=\"1024\" height=\"724\" src=\"https:\/\/www.lindforsarkitekt.se\/wp-content\/uploads\/2026\/04\/Plan-2-farg-1-1024x724.jpg\" alt=\"\" class=\"wp-image-886\" srcset=\"https:\/\/www.lindforsarkitekt.se\/wp-content\/uploads\/2026\/04\/Plan-2-farg-1-1024x724.jpg 1024w, https:\/\/www.lindforsarkitekt.se\/wp-content\/uploads\/2026\/04\/Plan-2-farg-1-300x212.jpg 300w, https:\/\/www.lindforsarkitekt.se\/wp-content\/uploads\/2026\/04\/Plan-2-farg-1-2000x1414.jpg 2000w\" sizes=\"auto, (max-width: 1024px) 100vw, 1024px\" \/><\/figure>\n","protected":false},"excerpt":{"rendered":"<p>Lindfors Arkitektkontor har tagit fram f\u00f6rslaget f\u00f6r om- och tillbyggnad av Skogskapellet i Kungsbacka. M\u00e5let har varit att b\u00e5de bevara ochsamspela med kapellets befintliga formspr\u00e5k, att tillskotten anpassas men ocks\u00e5 ges ett eget uttryck som tillf\u00f6r n\u00e5got nytt.Kapellet markerar entr\u00e9n f\u00f6r b\u00e5de bes\u00f6kare till kapellet och kyrkog\u00e5rden. Anknytningen till naturen \u00e4r stor, b\u00e5de form -ochmaterialm\u00e4ssigt. &hellip; <\/p>\n<p class=\"link-more\"><a href=\"https:\/\/www.lindforsarkitekt.se\/?page_id=697\" class=\"more-link\">L\u00e4s mer<span class=\"screen-reader-text\"> \u201dSkogskapellet i Kungsbacka\u201d<\/span><\/a><\/p>\n","protected":false},"author":1,"featured_media":747,"parent":0,"menu_order":0,"comment_status":"closed","ping_status":"closed","template":"","meta":{"_monsterinsights_skip_tracking":false,"_monsterinsights_sitenote_active":false,"_monsterinsights_sitenote_note":"","_monsterinsights_sitenote_category":0,"footnotes":""},"class_list":["post-697","page","type-page","status-publish","has-post-thumbnail","hentry"],"yoast_head":"<!-- This site is optimized with the Yoast SEO plugin v27.5 - https:\/\/yoast.com\/product\/yoast-seo-wordpress\/ -->\n<title>Skogskapellet i Kungsbacka - Lindfors Arkitektkontor AB<\/title>\n<meta name=\"description\" content=\"Tillbyggnad av Skogskapellet i Kungsbacka\" \/>\n<meta name=\"robots\" content=\"index, follow, max-snippet:-1, max-image-preview:large, max-video-preview:-1\" \/>\n<link rel=\"canonical\" href=\"https:\/\/www.lindforsarkitekt.se\/?page_id=697\" \/>\n<meta property=\"og:locale\" content=\"sv_SE\" \/>\n<meta property=\"og:type\" content=\"article\" \/>\n<meta property=\"og:title\" content=\"Skogskapellet i Kungsbacka - Lindfors Arkitektkontor AB\" \/>\n<meta property=\"og:description\" content=\"Tillbyggnad av Skogskapellet i Kungsbacka\" \/>\n<meta property=\"og:url\" content=\"https:\/\/www.lindforsarkitekt.se\/?page_id=697\" \/>\n<meta property=\"og:site_name\" content=\"Lindfors Arkitektkontor AB\" \/>\n<meta property=\"article:modified_time\" content=\"2026-04-28T13:04:36+00:00\" \/>\n<meta property=\"og:image\" content=\"https:\/\/www.lindforsarkitekt.se\/wp-content\/uploads\/2026\/04\/8B-edited-1.jpg\" \/>\n\t<meta property=\"og:image:width\" content=\"1272\" \/>\n\t<meta property=\"og:image:height\" content=\"715\" \/>\n\t<meta property=\"og:image:type\" content=\"image\/jpeg\" \/>\n<meta name=\"twitter:card\" content=\"summary_large_image\" \/>\n<meta name=\"twitter:label1\" content=\"Ber\u00e4knad l\u00e4stid\" \/>\n\t<meta name=\"twitter:data1\" content=\"5 minuter\" \/>\n<script type=\"application\/ld+json\" class=\"yoast-schema-graph\">{\"@context\":\"https:\\\/\\\/schema.org\",\"@graph\":[{\"@type\":\"WebPage\",\"@id\":\"https:\\\/\\\/www.lindforsarkitekt.se\\\/?page_id=697\",\"url\":\"https:\\\/\\\/www.lindforsarkitekt.se\\\/?page_id=697\",\"name\":\"Skogskapellet i Kungsbacka - Lindfors Arkitektkontor AB\",\"isPartOf\":{\"@id\":\"https:\\\/\\\/www.lindforsarkitekt.se\\\/#website\"},\"primaryImageOfPage\":{\"@id\":\"https:\\\/\\\/www.lindforsarkitekt.se\\\/?page_id=697#primaryimage\"},\"image\":{\"@id\":\"https:\\\/\\\/www.lindforsarkitekt.se\\\/?page_id=697#primaryimage\"},\"thumbnailUrl\":\"https:\\\/\\\/www.lindforsarkitekt.se\\\/wp-content\\\/uploads\\\/2026\\\/04\\\/8B-edited-1.jpg\",\"datePublished\":\"2026-04-27T09:22:25+00:00\",\"dateModified\":\"2026-04-28T13:04:36+00:00\",\"description\":\"Tillbyggnad av Skogskapellet i Kungsbacka\",\"breadcrumb\":{\"@id\":\"https:\\\/\\\/www.lindforsarkitekt.se\\\/?page_id=697#breadcrumb\"},\"inLanguage\":\"sv-SE\",\"potentialAction\":[{\"@type\":\"ReadAction\",\"target\":[\"https:\\\/\\\/www.lindforsarkitekt.se\\\/?page_id=697\"]}]},{\"@type\":\"ImageObject\",\"inLanguage\":\"sv-SE\",\"@id\":\"https:\\\/\\\/www.lindforsarkitekt.se\\\/?page_id=697#primaryimage\",\"url\":\"https:\\\/\\\/www.lindforsarkitekt.se\\\/wp-content\\\/uploads\\\/2026\\\/04\\\/8B-edited-1.jpg\",\"contentUrl\":\"https:\\\/\\\/www.lindforsarkitekt.se\\\/wp-content\\\/uploads\\\/2026\\\/04\\\/8B-edited-1.jpg\",\"width\":1272,\"height\":715},{\"@type\":\"BreadcrumbList\",\"@id\":\"https:\\\/\\\/www.lindforsarkitekt.se\\\/?page_id=697#breadcrumb\",\"itemListElement\":[{\"@type\":\"ListItem\",\"position\":1,\"name\":\"Home\",\"item\":\"https:\\\/\\\/www.lindforsarkitekt.se\\\/\"},{\"@type\":\"ListItem\",\"position\":2,\"name\":\"Skogskapellet i Kungsbacka\"}]},{\"@type\":\"WebSite\",\"@id\":\"https:\\\/\\\/www.lindforsarkitekt.se\\\/#website\",\"url\":\"https:\\\/\\\/www.lindforsarkitekt.se\\\/\",\"name\":\"Lindfors Arkitektkontor AB\",\"description\":\"\",\"publisher\":{\"@id\":\"https:\\\/\\\/www.lindforsarkitekt.se\\\/#organization\"},\"potentialAction\":[{\"@type\":\"SearchAction\",\"target\":{\"@type\":\"EntryPoint\",\"urlTemplate\":\"https:\\\/\\\/www.lindforsarkitekt.se\\\/?s={search_term_string}\"},\"query-input\":{\"@type\":\"PropertyValueSpecification\",\"valueRequired\":true,\"valueName\":\"search_term_string\"}}],\"inLanguage\":\"sv-SE\"},{\"@type\":\"Organization\",\"@id\":\"https:\\\/\\\/www.lindforsarkitekt.se\\\/#organization\",\"name\":\"Lindfors Arkitektkontor AB\",\"url\":\"https:\\\/\\\/www.lindforsarkitekt.se\\\/\",\"logo\":{\"@type\":\"ImageObject\",\"inLanguage\":\"sv-SE\",\"@id\":\"https:\\\/\\\/www.lindforsarkitekt.se\\\/#\\\/schema\\\/logo\\\/image\\\/\",\"url\":\"https:\\\/\\\/www.lindforsarkitekt.se\\\/wp-content\\\/uploads\\\/2024\\\/08\\\/Lindfors-logo_vit_utan-linje.png\",\"contentUrl\":\"https:\\\/\\\/www.lindforsarkitekt.se\\\/wp-content\\\/uploads\\\/2024\\\/08\\\/Lindfors-logo_vit_utan-linje.png\",\"width\":5942,\"height\":1226,\"caption\":\"Lindfors Arkitektkontor AB\"},\"image\":{\"@id\":\"https:\\\/\\\/www.lindforsarkitekt.se\\\/#\\\/schema\\\/logo\\\/image\\\/\"}}]}<\/script>\n<!-- \/ Yoast SEO plugin. -->","yoast_head_json":{"title":"Skogskapellet i Kungsbacka - Lindfors Arkitektkontor AB","description":"Tillbyggnad av Skogskapellet i Kungsbacka","robots":{"index":"index","follow":"follow","max-snippet":"max-snippet:-1","max-image-preview":"max-image-preview:large","max-video-preview":"max-video-preview:-1"},"canonical":"https:\/\/www.lindforsarkitekt.se\/?page_id=697","og_locale":"sv_SE","og_type":"article","og_title":"Skogskapellet i Kungsbacka - Lindfors Arkitektkontor AB","og_description":"Tillbyggnad av Skogskapellet i Kungsbacka","og_url":"https:\/\/www.lindforsarkitekt.se\/?page_id=697","og_site_name":"Lindfors Arkitektkontor AB","article_modified_time":"2026-04-28T13:04:36+00:00","og_image":[{"width":1272,"height":715,"url":"https:\/\/www.lindforsarkitekt.se\/wp-content\/uploads\/2026\/04\/8B-edited-1.jpg","type":"image\/jpeg"}],"twitter_card":"summary_large_image","twitter_misc":{"Ber\u00e4knad l\u00e4stid":"5 minuter"},"schema":{"@context":"https:\/\/schema.org","@graph":[{"@type":"WebPage","@id":"https:\/\/www.lindforsarkitekt.se\/?page_id=697","url":"https:\/\/www.lindforsarkitekt.se\/?page_id=697","name":"Skogskapellet i Kungsbacka - Lindfors Arkitektkontor AB","isPartOf":{"@id":"https:\/\/www.lindforsarkitekt.se\/#website"},"primaryImageOfPage":{"@id":"https:\/\/www.lindforsarkitekt.se\/?page_id=697#primaryimage"},"image":{"@id":"https:\/\/www.lindforsarkitekt.se\/?page_id=697#primaryimage"},"thumbnailUrl":"https:\/\/www.lindforsarkitekt.se\/wp-content\/uploads\/2026\/04\/8B-edited-1.jpg","datePublished":"2026-04-27T09:22:25+00:00","dateModified":"2026-04-28T13:04:36+00:00","description":"Tillbyggnad av Skogskapellet i Kungsbacka","breadcrumb":{"@id":"https:\/\/www.lindforsarkitekt.se\/?page_id=697#breadcrumb"},"inLanguage":"sv-SE","potentialAction":[{"@type":"ReadAction","target":["https:\/\/www.lindforsarkitekt.se\/?page_id=697"]}]},{"@type":"ImageObject","inLanguage":"sv-SE","@id":"https:\/\/www.lindforsarkitekt.se\/?page_id=697#primaryimage","url":"https:\/\/www.lindforsarkitekt.se\/wp-content\/uploads\/2026\/04\/8B-edited-1.jpg","contentUrl":"https:\/\/www.lindforsarkitekt.se\/wp-content\/uploads\/2026\/04\/8B-edited-1.jpg","width":1272,"height":715},{"@type":"BreadcrumbList","@id":"https:\/\/www.lindforsarkitekt.se\/?page_id=697#breadcrumb","itemListElement":[{"@type":"ListItem","position":1,"name":"Home","item":"https:\/\/www.lindforsarkitekt.se\/"},{"@type":"ListItem","position":2,"name":"Skogskapellet i Kungsbacka"}]},{"@type":"WebSite","@id":"https:\/\/www.lindforsarkitekt.se\/#website","url":"https:\/\/www.lindforsarkitekt.se\/","name":"Lindfors Arkitektkontor AB","description":"","publisher":{"@id":"https:\/\/www.lindforsarkitekt.se\/#organization"},"potentialAction":[{"@type":"SearchAction","target":{"@type":"EntryPoint","urlTemplate":"https:\/\/www.lindforsarkitekt.se\/?s={search_term_string}"},"query-input":{"@type":"PropertyValueSpecification","valueRequired":true,"valueName":"search_term_string"}}],"inLanguage":"sv-SE"},{"@type":"Organization","@id":"https:\/\/www.lindforsarkitekt.se\/#organization","name":"Lindfors Arkitektkontor AB","url":"https:\/\/www.lindforsarkitekt.se\/","logo":{"@type":"ImageObject","inLanguage":"sv-SE","@id":"https:\/\/www.lindforsarkitekt.se\/#\/schema\/logo\/image\/","url":"https:\/\/www.lindforsarkitekt.se\/wp-content\/uploads\/2024\/08\/Lindfors-logo_vit_utan-linje.png","contentUrl":"https:\/\/www.lindforsarkitekt.se\/wp-content\/uploads\/2024\/08\/Lindfors-logo_vit_utan-linje.png","width":5942,"height":1226,"caption":"Lindfors Arkitektkontor AB"},"image":{"@id":"https:\/\/www.lindforsarkitekt.se\/#\/schema\/logo\/image\/"}}]}},"featured_media_urls":{"thumbnail":["https:\/\/www.lindforsarkitekt.se\/wp-content\/uploads\/2026\/04\/8B-edited-1-150x150.jpg",150,150,true],"medium":["https:\/\/www.lindforsarkitekt.se\/wp-content\/uploads\/2026\/04\/8B-edited-1-300x169.jpg",300,169,true],"medium_large":["https:\/\/www.lindforsarkitekt.se\/wp-content\/uploads\/2026\/04\/8B-edited-1.jpg",768,432,false],"large":["https:\/\/www.lindforsarkitekt.se\/wp-content\/uploads\/2026\/04\/8B-edited-1-1024x576.jpg",950,534,true],"1536x1536":["https:\/\/www.lindforsarkitekt.se\/wp-content\/uploads\/2026\/04\/8B-edited-1.jpg",1272,715,false],"2048x2048":["https:\/\/www.lindforsarkitekt.se\/wp-content\/uploads\/2026\/04\/8B-edited-1.jpg",1272,715,false],"inspiro-featured-image":["https:\/\/www.lindforsarkitekt.se\/wp-content\/uploads\/2026\/04\/8B-edited-1.jpg",1272,715,false],"inspiro-loop":["https:\/\/www.lindforsarkitekt.se\/wp-content\/uploads\/2026\/04\/8B-edited-1-950x320.jpg",950,320,true],"inspiro-loop@2x":["https:\/\/www.lindforsarkitekt.se\/wp-content\/uploads\/2026\/04\/8B-edited-1-1272x640.jpg",1272,640,true],"portfolio_item-thumbnail":["https:\/\/www.lindforsarkitekt.se\/wp-content\/uploads\/2026\/04\/8B-edited-1-600x400.jpg",600,400,true],"portfolio_item-thumbnail@2x":["https:\/\/www.lindforsarkitekt.se\/wp-content\/uploads\/2026\/04\/8B-edited-1-1200x715.jpg",1200,715,true],"portfolio_item-masonry":["https:\/\/www.lindforsarkitekt.se\/wp-content\/uploads\/2026\/04\/8B-edited-1-600x337.jpg",600,337,true],"portfolio_item-masonry@2x":["https:\/\/www.lindforsarkitekt.se\/wp-content\/uploads\/2026\/04\/8B-edited-1-1200x675.jpg",1200,675,true],"portfolio_item-thumbnail_cinema":["https:\/\/www.lindforsarkitekt.se\/wp-content\/uploads\/2026\/04\/8B-edited-1-800x335.jpg",800,335,true],"portfolio_item-thumbnail_portrait":["https:\/\/www.lindforsarkitekt.se\/wp-content\/uploads\/2026\/04\/8B-edited-1-600x715.jpg",600,715,true],"portfolio_item-thumbnail_portrait@2x":["https:\/\/www.lindforsarkitekt.se\/wp-content\/uploads\/2026\/04\/8B-edited-1-1200x715.jpg",1200,715,true],"portfolio_item-thumbnail_square":["https:\/\/www.lindforsarkitekt.se\/wp-content\/uploads\/2026\/04\/8B-edited-1-800x715.jpg",800,715,true]},"_links":{"self":[{"href":"https:\/\/www.lindforsarkitekt.se\/index.php?rest_route=\/wp\/v2\/pages\/697","targetHints":{"allow":["GET"]}}],"collection":[{"href":"https:\/\/www.lindforsarkitekt.se\/index.php?rest_route=\/wp\/v2\/pages"}],"about":[{"href":"https:\/\/www.lindforsarkitekt.se\/index.php?rest_route=\/wp\/v2\/types\/page"}],"author":[{"embeddable":true,"href":"https:\/\/www.lindforsarkitekt.se\/index.php?rest_route=\/wp\/v2\/users\/1"}],"replies":[{"embeddable":true,"href":"https:\/\/www.lindforsarkitekt.se\/index.php?rest_route=%2Fwp%2Fv2%2Fcomments&post=697"}],"version-history":[{"count":5,"href":"https:\/\/www.lindforsarkitekt.se\/index.php?rest_route=\/wp\/v2\/pages\/697\/revisions"}],"predecessor-version":[{"id":908,"href":"https:\/\/www.lindforsarkitekt.se\/index.php?rest_route=\/wp\/v2\/pages\/697\/revisions\/908"}],"wp:featuredmedia":[{"embeddable":true,"href":"https:\/\/www.lindforsarkitekt.se\/index.php?rest_route=\/wp\/v2\/media\/747"}],"wp:attachment":[{"href":"https:\/\/www.lindforsarkitekt.se\/index.php?rest_route=%2Fwp%2Fv2%2Fmedia&parent=697"}],"curies":[{"name":"wp","href":"https:\/\/api.w.org\/{rel}","templated":true}]}}