{"id":587,"date":"2024-08-30T16:52:49","date_gmt":"2024-08-30T14:52:49","guid":{"rendered":"https:\/\/www.lindforsarkitekt.se\/?page_id=587"},"modified":"2026-04-30T09:25:31","modified_gmt":"2026-04-30T07:25:31","slug":"om-2","status":"publish","type":"page","link":"https:\/\/www.lindforsarkitekt.se\/?page_id=587","title":{"rendered":"Om"},"content":{"rendered":"\n<p>Vi vill skapa god arkitektur med v\u00e4l fungerande, vackra milj\u00f6er som ger merv\u00e4rden f\u00f6r v\u00e5ra kunder och den omgivning vi lever i.<\/p>\n\n\n\n<p>Kontoret startades 1958. Vi arbetar med m\u00e5nga olika typer av objekt; hus- och inredningsprojektering, kontor, lokaler, industrier, bost\u00e4der, kyrkor, lokalplanering och design. Sen mitten av 90-talet arbetar vi med flexibla kontor och verksamhetsf\u00f6r\u00e4ndring. Mycken erfarenhet har byggts upp och vi har skapat m\u00e5nga flexibla kontor. Vi vill rita och inspirera till stimulerande och effektiva l\u00f6sningar och skapa st\u00f6djande verktyg f\u00f6r verksamheten. Vi arbetar i n\u00e4ra samarbete med v\u00e5ra kunder och str\u00e4var efter att vara lyh\u00f6rda, engagerade och v\u00e4l insatta i behoven.<a href=\"https:\/\/www.lindforsarkitekt.se\/wp-admin\/edit.php?post_type=post\"><\/a><\/p>\n\n\n\n<p>V\u00e5ra kunder \u00e4r allt fr\u00e5n privata fastighets\u00e4gare och  kommunala bolag till  Svenska kyrkan, frikyrkof\u00f6rsamlingar och privatpersoner.<\/p>\n\n\n\n<div data-wp-interactive=\"core\/file\" class=\"wp-block-file\"><object data-wp-bind--hidden=\"!state.hasPdfPreview\" hidden class=\"wp-block-file__embed\" data=\"https:\/\/www.lindforsarkitekt.se\/wp-content\/uploads\/2026\/04\/Referenslista-Arkitektur-2026.pdf\" type=\"application\/pdf\" style=\"width:100%;height:600px\" aria-label=\"Inb\u00e4ddning av Referenslista Arkitektur 2026.\"><\/object><a id=\"wp-block-file--media-5453ec45-70f9-425f-9f9b-9dedc709713a\" href=\"https:\/\/www.lindforsarkitekt.se\/wp-content\/uploads\/2026\/04\/Referenslista-Arkitektur-2026.pdf\">Referenslista Arkitektur 2026<\/a><a href=\"https:\/\/www.lindforsarkitekt.se\/wp-content\/uploads\/2026\/04\/Referenslista-Arkitektur-2026.pdf\" class=\"wp-block-file__button wp-element-button\" download aria-describedby=\"wp-block-file--media-5453ec45-70f9-425f-9f9b-9dedc709713a\">Ladda ner<\/a><\/div>\n","protected":false},"excerpt":{"rendered":"<p>Vi vill skapa god arkitektur med v\u00e4l fungerande, vackra milj\u00f6er som ger merv\u00e4rden f\u00f6r v\u00e5ra kunder och den omgivning vi lever i. Kontoret startades 1958. Vi arbetar med m\u00e5nga olika typer av objekt; hus- och inredningsprojektering, kontor, lokaler, industrier, bost\u00e4der, kyrkor, lokalplanering och design. Sen mitten av 90-talet arbetar vi med flexibla kontor och verksamhetsf\u00f6r\u00e4ndring. &hellip; <\/p>\n<p class=\"link-more\"><a href=\"https:\/\/www.lindforsarkitekt.se\/?page_id=587\" class=\"more-link\">L\u00e4s mer<span class=\"screen-reader-text\"> \u201dOm\u201d<\/span><\/a><\/p>\n","protected":false},"author":1,"featured_media":548,"parent":0,"menu_order":0,"comment_status":"closed","ping_status":"closed","template":"","meta":{"_monsterinsights_skip_tracking":false,"_monsterinsights_sitenote_active":false,"_monsterinsights_sitenote_note":"","_monsterinsights_sitenote_category":0,"footnotes":""},"class_list":["post-587","page","type-page","status-publish","has-post-thumbnail","hentry"],"yoast_head":"<!-- This site is optimized with the Yoast SEO plugin v27.5 - https:\/\/yoast.com\/product\/yoast-seo-wordpress\/ -->\n<title>Om - Lindfors Arkitektkontor AB<\/title>\n<meta name=\"robots\" content=\"index, follow, max-snippet:-1, max-image-preview:large, max-video-preview:-1\" \/>\n<link rel=\"canonical\" href=\"https:\/\/www.lindforsarkitekt.se\/?page_id=587\" \/>\n<meta property=\"og:locale\" content=\"sv_SE\" \/>\n<meta property=\"og:type\" content=\"article\" \/>\n<meta property=\"og:title\" content=\"Om - Lindfors Arkitektkontor AB\" \/>\n<meta property=\"og:description\" content=\"Vi vill skapa god arkitektur med v\u00e4l fungerande, vackra milj\u00f6er som ger merv\u00e4rden f\u00f6r v\u00e5ra kunder och den omgivning vi lever i. Kontoret startades 1958. Vi arbetar med m\u00e5nga olika typer av objekt; hus- och inredningsprojektering, kontor, lokaler, industrier, bost\u00e4der, kyrkor, lokalplanering och design. Sen mitten av 90-talet arbetar vi med flexibla kontor och verksamhetsf\u00f6r\u00e4ndring. &hellip; L\u00e4s mer \u201dOm\u201d\" \/>\n<meta property=\"og:url\" content=\"https:\/\/www.lindforsarkitekt.se\/?page_id=587\" \/>\n<meta property=\"og:site_name\" content=\"Lindfors Arkitektkontor AB\" \/>\n<meta property=\"article:modified_time\" content=\"2026-04-30T07:25:31+00:00\" \/>\n<meta property=\"og:image\" content=\"https:\/\/www.lindforsarkitekt.se\/wp-content\/uploads\/2024\/08\/Thumb-Skara.jpg\" \/>\n\t<meta property=\"og:image:width\" content=\"827\" \/>\n\t<meta property=\"og:image:height\" content=\"827\" \/>\n\t<meta property=\"og:image:type\" content=\"image\/jpeg\" \/>\n<meta name=\"twitter:card\" content=\"summary_large_image\" \/>\n<meta name=\"twitter:label1\" content=\"Ber\u00e4knad l\u00e4stid\" \/>\n\t<meta name=\"twitter:data1\" content=\"1 minut\" \/>\n<script type=\"application\/ld+json\" class=\"yoast-schema-graph\">{\"@context\":\"https:\\\/\\\/schema.org\",\"@graph\":[{\"@type\":\"WebPage\",\"@id\":\"https:\\\/\\\/www.lindforsarkitekt.se\\\/?page_id=587\",\"url\":\"https:\\\/\\\/www.lindforsarkitekt.se\\\/?page_id=587\",\"name\":\"Om - Lindfors Arkitektkontor AB\",\"isPartOf\":{\"@id\":\"https:\\\/\\\/www.lindforsarkitekt.se\\\/#website\"},\"primaryImageOfPage\":{\"@id\":\"https:\\\/\\\/www.lindforsarkitekt.se\\\/?page_id=587#primaryimage\"},\"image\":{\"@id\":\"https:\\\/\\\/www.lindforsarkitekt.se\\\/?page_id=587#primaryimage\"},\"thumbnailUrl\":\"https:\\\/\\\/www.lindforsarkitekt.se\\\/wp-content\\\/uploads\\\/2024\\\/08\\\/Thumb-Skara.jpg\",\"datePublished\":\"2024-08-30T14:52:49+00:00\",\"dateModified\":\"2026-04-30T07:25:31+00:00\",\"breadcrumb\":{\"@id\":\"https:\\\/\\\/www.lindforsarkitekt.se\\\/?page_id=587#breadcrumb\"},\"inLanguage\":\"sv-SE\",\"potentialAction\":[{\"@type\":\"ReadAction\",\"target\":[\"https:\\\/\\\/www.lindforsarkitekt.se\\\/?page_id=587\"]}]},{\"@type\":\"ImageObject\",\"inLanguage\":\"sv-SE\",\"@id\":\"https:\\\/\\\/www.lindforsarkitekt.se\\\/?page_id=587#primaryimage\",\"url\":\"https:\\\/\\\/www.lindforsarkitekt.se\\\/wp-content\\\/uploads\\\/2024\\\/08\\\/Thumb-Skara.jpg\",\"contentUrl\":\"https:\\\/\\\/www.lindforsarkitekt.se\\\/wp-content\\\/uploads\\\/2024\\\/08\\\/Thumb-Skara.jpg\",\"width\":827,\"height\":827,\"caption\":\"Ombyggnad Dj\u00e4knehuset Skara\"},{\"@type\":\"BreadcrumbList\",\"@id\":\"https:\\\/\\\/www.lindforsarkitekt.se\\\/?page_id=587#breadcrumb\",\"itemListElement\":[{\"@type\":\"ListItem\",\"position\":1,\"name\":\"Home\",\"item\":\"https:\\\/\\\/www.lindforsarkitekt.se\\\/\"},{\"@type\":\"ListItem\",\"position\":2,\"name\":\"Om\"}]},{\"@type\":\"WebSite\",\"@id\":\"https:\\\/\\\/www.lindforsarkitekt.se\\\/#website\",\"url\":\"https:\\\/\\\/www.lindforsarkitekt.se\\\/\",\"name\":\"Lindfors Arkitektkontor AB\",\"description\":\"\",\"publisher\":{\"@id\":\"https:\\\/\\\/www.lindforsarkitekt.se\\\/#organization\"},\"potentialAction\":[{\"@type\":\"SearchAction\",\"target\":{\"@type\":\"EntryPoint\",\"urlTemplate\":\"https:\\\/\\\/www.lindforsarkitekt.se\\\/?s={search_term_string}\"},\"query-input\":{\"@type\":\"PropertyValueSpecification\",\"valueRequired\":true,\"valueName\":\"search_term_string\"}}],\"inLanguage\":\"sv-SE\"},{\"@type\":\"Organization\",\"@id\":\"https:\\\/\\\/www.lindforsarkitekt.se\\\/#organization\",\"name\":\"Lindfors Arkitektkontor AB\",\"url\":\"https:\\\/\\\/www.lindforsarkitekt.se\\\/\",\"logo\":{\"@type\":\"ImageObject\",\"inLanguage\":\"sv-SE\",\"@id\":\"https:\\\/\\\/www.lindforsarkitekt.se\\\/#\\\/schema\\\/logo\\\/image\\\/\",\"url\":\"https:\\\/\\\/www.lindforsarkitekt.se\\\/wp-content\\\/uploads\\\/2024\\\/08\\\/Lindfors-logo_vit_utan-linje.png\",\"contentUrl\":\"https:\\\/\\\/www.lindforsarkitekt.se\\\/wp-content\\\/uploads\\\/2024\\\/08\\\/Lindfors-logo_vit_utan-linje.png\",\"width\":5942,\"height\":1226,\"caption\":\"Lindfors Arkitektkontor AB\"},\"image\":{\"@id\":\"https:\\\/\\\/www.lindforsarkitekt.se\\\/#\\\/schema\\\/logo\\\/image\\\/\"}}]}<\/script>\n<!-- \/ Yoast SEO plugin. -->","yoast_head_json":{"title":"Om - Lindfors Arkitektkontor AB","robots":{"index":"index","follow":"follow","max-snippet":"max-snippet:-1","max-image-preview":"max-image-preview:large","max-video-preview":"max-video-preview:-1"},"canonical":"https:\/\/www.lindforsarkitekt.se\/?page_id=587","og_locale":"sv_SE","og_type":"article","og_title":"Om - Lindfors Arkitektkontor AB","og_description":"Vi vill skapa god arkitektur med v\u00e4l fungerande, vackra milj\u00f6er som ger merv\u00e4rden f\u00f6r v\u00e5ra kunder och den omgivning vi lever i. Kontoret startades 1958. Vi arbetar med m\u00e5nga olika typer av objekt; hus- och inredningsprojektering, kontor, lokaler, industrier, bost\u00e4der, kyrkor, lokalplanering och design. Sen mitten av 90-talet arbetar vi med flexibla kontor och verksamhetsf\u00f6r\u00e4ndring. &hellip; L\u00e4s mer \u201dOm\u201d","og_url":"https:\/\/www.lindforsarkitekt.se\/?page_id=587","og_site_name":"Lindfors Arkitektkontor AB","article_modified_time":"2026-04-30T07:25:31+00:00","og_image":[{"width":827,"height":827,"url":"https:\/\/www.lindforsarkitekt.se\/wp-content\/uploads\/2024\/08\/Thumb-Skara.jpg","type":"image\/jpeg"}],"twitter_card":"summary_large_image","twitter_misc":{"Ber\u00e4knad l\u00e4stid":"1 minut"},"schema":{"@context":"https:\/\/schema.org","@graph":[{"@type":"WebPage","@id":"https:\/\/www.lindforsarkitekt.se\/?page_id=587","url":"https:\/\/www.lindforsarkitekt.se\/?page_id=587","name":"Om - Lindfors Arkitektkontor AB","isPartOf":{"@id":"https:\/\/www.lindforsarkitekt.se\/#website"},"primaryImageOfPage":{"@id":"https:\/\/www.lindforsarkitekt.se\/?page_id=587#primaryimage"},"image":{"@id":"https:\/\/www.lindforsarkitekt.se\/?page_id=587#primaryimage"},"thumbnailUrl":"https:\/\/www.lindforsarkitekt.se\/wp-content\/uploads\/2024\/08\/Thumb-Skara.jpg","datePublished":"2024-08-30T14:52:49+00:00","dateModified":"2026-04-30T07:25:31+00:00","breadcrumb":{"@id":"https:\/\/www.lindforsarkitekt.se\/?page_id=587#breadcrumb"},"inLanguage":"sv-SE","potentialAction":[{"@type":"ReadAction","target":["https:\/\/www.lindforsarkitekt.se\/?page_id=587"]}]},{"@type":"ImageObject","inLanguage":"sv-SE","@id":"https:\/\/www.lindforsarkitekt.se\/?page_id=587#primaryimage","url":"https:\/\/www.lindforsarkitekt.se\/wp-content\/uploads\/2024\/08\/Thumb-Skara.jpg","contentUrl":"https:\/\/www.lindforsarkitekt.se\/wp-content\/uploads\/2024\/08\/Thumb-Skara.jpg","width":827,"height":827,"caption":"Ombyggnad Dj\u00e4knehuset Skara"},{"@type":"BreadcrumbList","@id":"https:\/\/www.lindforsarkitekt.se\/?page_id=587#breadcrumb","itemListElement":[{"@type":"ListItem","position":1,"name":"Home","item":"https:\/\/www.lindforsarkitekt.se\/"},{"@type":"ListItem","position":2,"name":"Om"}]},{"@type":"WebSite","@id":"https:\/\/www.lindforsarkitekt.se\/#website","url":"https:\/\/www.lindforsarkitekt.se\/","name":"Lindfors Arkitektkontor AB","description":"","publisher":{"@id":"https:\/\/www.lindforsarkitekt.se\/#organization"},"potentialAction":[{"@type":"SearchAction","target":{"@type":"EntryPoint","urlTemplate":"https:\/\/www.lindforsarkitekt.se\/?s={search_term_string}"},"query-input":{"@type":"PropertyValueSpecification","valueRequired":true,"valueName":"search_term_string"}}],"inLanguage":"sv-SE"},{"@type":"Organization","@id":"https:\/\/www.lindforsarkitekt.se\/#organization","name":"Lindfors Arkitektkontor AB","url":"https:\/\/www.lindforsarkitekt.se\/","logo":{"@type":"ImageObject","inLanguage":"sv-SE","@id":"https:\/\/www.lindforsarkitekt.se\/#\/schema\/logo\/image\/","url":"https:\/\/www.lindforsarkitekt.se\/wp-content\/uploads\/2024\/08\/Lindfors-logo_vit_utan-linje.png","contentUrl":"https:\/\/www.lindforsarkitekt.se\/wp-content\/uploads\/2024\/08\/Lindfors-logo_vit_utan-linje.png","width":5942,"height":1226,"caption":"Lindfors Arkitektkontor AB"},"image":{"@id":"https:\/\/www.lindforsarkitekt.se\/#\/schema\/logo\/image\/"}}]}},"featured_media_urls":{"thumbnail":["https:\/\/www.lindforsarkitekt.se\/wp-content\/uploads\/2024\/08\/Thumb-Skara-150x150.jpg",150,150,true],"medium":["https:\/\/www.lindforsarkitekt.se\/wp-content\/uploads\/2024\/08\/Thumb-Skara-300x300.jpg",300,300,true],"medium_large":["https:\/\/www.lindforsarkitekt.se\/wp-content\/uploads\/2024\/08\/Thumb-Skara.jpg",768,768,false],"large":["https:\/\/www.lindforsarkitekt.se\/wp-content\/uploads\/2024\/08\/Thumb-Skara.jpg",827,827,false],"1536x1536":["https:\/\/www.lindforsarkitekt.se\/wp-content\/uploads\/2024\/08\/Thumb-Skara.jpg",827,827,false],"2048x2048":["https:\/\/www.lindforsarkitekt.se\/wp-content\/uploads\/2024\/08\/Thumb-Skara.jpg",827,827,false],"inspiro-featured-image":["https:\/\/www.lindforsarkitekt.se\/wp-content\/uploads\/2024\/08\/Thumb-Skara.jpg",827,827,false],"inspiro-loop":["https:\/\/www.lindforsarkitekt.se\/wp-content\/uploads\/2024\/08\/Thumb-Skara-827x320.jpg",827,320,true],"inspiro-loop@2x":["https:\/\/www.lindforsarkitekt.se\/wp-content\/uploads\/2024\/08\/Thumb-Skara-827x640.jpg",827,640,true],"portfolio_item-thumbnail":["https:\/\/www.lindforsarkitekt.se\/wp-content\/uploads\/2024\/08\/Thumb-Skara-600x400.jpg",600,400,true],"portfolio_item-thumbnail@2x":["https:\/\/www.lindforsarkitekt.se\/wp-content\/uploads\/2024\/08\/Thumb-Skara-827x800.jpg",827,800,true],"portfolio_item-masonry":["https:\/\/www.lindforsarkitekt.se\/wp-content\/uploads\/2024\/08\/Thumb-Skara-600x600.jpg",600,600,true],"portfolio_item-masonry@2x":["https:\/\/www.lindforsarkitekt.se\/wp-content\/uploads\/2024\/08\/Thumb-Skara.jpg",827,827,false],"portfolio_item-thumbnail_cinema":["https:\/\/www.lindforsarkitekt.se\/wp-content\/uploads\/2024\/08\/Thumb-Skara-800x335.jpg",800,335,true],"portfolio_item-thumbnail_portrait":["https:\/\/www.lindforsarkitekt.se\/wp-content\/uploads\/2024\/08\/Thumb-Skara-600x827.jpg",600,827,true],"portfolio_item-thumbnail_portrait@2x":["https:\/\/www.lindforsarkitekt.se\/wp-content\/uploads\/2024\/08\/Thumb-Skara.jpg",827,827,false],"portfolio_item-thumbnail_square":["https:\/\/www.lindforsarkitekt.se\/wp-content\/uploads\/2024\/08\/Thumb-Skara-800x800.jpg",800,800,true]},"_links":{"self":[{"href":"https:\/\/www.lindforsarkitekt.se\/index.php?rest_route=\/wp\/v2\/pages\/587","targetHints":{"allow":["GET"]}}],"collection":[{"href":"https:\/\/www.lindforsarkitekt.se\/index.php?rest_route=\/wp\/v2\/pages"}],"about":[{"href":"https:\/\/www.lindforsarkitekt.se\/index.php?rest_route=\/wp\/v2\/types\/page"}],"author":[{"embeddable":true,"href":"https:\/\/www.lindforsarkitekt.se\/index.php?rest_route=\/wp\/v2\/users\/1"}],"replies":[{"embeddable":true,"href":"https:\/\/www.lindforsarkitekt.se\/index.php?rest_route=%2Fwp%2Fv2%2Fcomments&post=587"}],"version-history":[{"count":5,"href":"https:\/\/www.lindforsarkitekt.se\/index.php?rest_route=\/wp\/v2\/pages\/587\/revisions"}],"predecessor-version":[{"id":979,"href":"https:\/\/www.lindforsarkitekt.se\/index.php?rest_route=\/wp\/v2\/pages\/587\/revisions\/979"}],"wp:featuredmedia":[{"embeddable":true,"href":"https:\/\/www.lindforsarkitekt.se\/index.php?rest_route=\/wp\/v2\/media\/548"}],"wp:attachment":[{"href":"https:\/\/www.lindforsarkitekt.se\/index.php?rest_route=%2Fwp%2Fv2%2Fmedia&parent=587"}],"curies":[{"name":"wp","href":"https:\/\/api.w.org\/{rel}","templated":true}]}}