{"id":532,"date":"2024-08-30T14:10:38","date_gmt":"2024-08-30T12:10:38","guid":{"rendered":"https:\/\/www.lindforsarkitekt.se\/?page_id=532"},"modified":"2026-04-28T15:36:18","modified_gmt":"2026-04-28T13:36:18","slug":"lindome-forsamlingshem","status":"publish","type":"page","link":"https:\/\/www.lindforsarkitekt.se\/?page_id=532","title":{"rendered":"Lindome F\u00f6rsamlingshem"},"content":{"rendered":"\n<p>Lindome F\u00f6rsamlingscentrum \u00e4r byggt p\u00e5 70-talet och det fanns en hel del milj\u00f6problem i huset. Flera utredningar har gjorts genom \u00e5ren med f\u00f6rslag om ombyggnad alternativt nybyggnas.<br>Lindfors Arkitektkontor kopplades in 2015 och en omfattande lokal- och verksamhetsutredning gjordes.<\/p>\n\n\n\n<p>F\u00f6rsamlingen kom fram till att man ville bevara huset, som \u00e4r ett landm\u00e4rke i Lindome, men en omfattande renovering och ombyggnad skulle g\u00f6ras och verksamhetens funktioner anpassas till dagens behov.<\/p>\n\n\n\n<p>Efter en omfattande verksamhetsutredning d\u00e4r hela verksamheten deltog i enk\u00e4ter, workshops mm kom man fram till att man ville \u00e4ndra sitt interna arbets\u00e4tt och arbeta mer flexibelt och aktivitetsbaserat.<\/p>\n\n\n\n<p>De offentliga ytorna koncentrerades kring huvudentr\u00e9n med bla kaf\u00e9 i en inbyggd atriumg\u00e5rd, barnverksamhet och den bevarade samlingssalen. Lokalerna skall vara flexibla och kunna anv\u00e4ndas m\u00e5nga typer av verksamheter.<\/p>\n\n\n\n<p>Kontorslokalerna gjordes om till ett \u00f6ppet, aktivitetsbaserat kontor och placerades i de bakre delarna av huset. I projektet arbetades det ocks\u00e5 mycket med \u00e5terbruk av m\u00f6bler, omkl\u00e4dning av befintliga stolar mm.<\/p>\n\n\n\n<figure class=\"wp-block-gallery has-nested-images columns-default is-cropped wp-block-gallery-1 is-layout-flex wp-block-gallery-is-layout-flex\">\n<figure class=\"wp-block-image size-large\"><img loading=\"lazy\" decoding=\"async\" width=\"1024\" height=\"668\" data-id=\"175\" src=\"https:\/\/www.lindforsarkitekt.se\/wp-content\/uploads\/2024\/08\/anlita-arkitekt-lindfors-arkitektkontor-lindomeFC2-1-1024x668.jpg\" alt=\"\" class=\"wp-image-175\" srcset=\"https:\/\/www.lindforsarkitekt.se\/wp-content\/uploads\/2024\/08\/anlita-arkitekt-lindfors-arkitektkontor-lindomeFC2-1-1024x668.jpg 1024w, https:\/\/www.lindforsarkitekt.se\/wp-content\/uploads\/2024\/08\/anlita-arkitekt-lindfors-arkitektkontor-lindomeFC2-1-300x196.jpg 300w, https:\/\/www.lindforsarkitekt.se\/wp-content\/uploads\/2024\/08\/anlita-arkitekt-lindfors-arkitektkontor-lindomeFC2-1-768x501.jpg 768w, https:\/\/www.lindforsarkitekt.se\/wp-content\/uploads\/2024\/08\/anlita-arkitekt-lindfors-arkitektkontor-lindomeFC2-1-1536x1001.jpg 1536w, https:\/\/www.lindforsarkitekt.se\/wp-content\/uploads\/2024\/08\/anlita-arkitekt-lindfors-arkitektkontor-lindomeFC2-1-600x391.jpg 600w, https:\/\/www.lindforsarkitekt.se\/wp-content\/uploads\/2024\/08\/anlita-arkitekt-lindfors-arkitektkontor-lindomeFC2-1-1200x782.jpg 1200w, https:\/\/www.lindforsarkitekt.se\/wp-content\/uploads\/2024\/08\/anlita-arkitekt-lindfors-arkitektkontor-lindomeFC2-1.jpg 2000w\" sizes=\"auto, (max-width: 1024px) 100vw, 1024px\" \/><\/figure>\n\n\n\n<figure class=\"wp-block-image size-large\"><img loading=\"lazy\" decoding=\"async\" width=\"1024\" height=\"618\" data-id=\"176\" src=\"https:\/\/www.lindforsarkitekt.se\/wp-content\/uploads\/2024\/08\/anlita-arkitekt-lindfors-arkitektkontor-lindomeFC1-1-1024x618.jpg\" alt=\"\" class=\"wp-image-176\" srcset=\"https:\/\/www.lindforsarkitekt.se\/wp-content\/uploads\/2024\/08\/anlita-arkitekt-lindfors-arkitektkontor-lindomeFC1-1-1024x618.jpg 1024w, https:\/\/www.lindforsarkitekt.se\/wp-content\/uploads\/2024\/08\/anlita-arkitekt-lindfors-arkitektkontor-lindomeFC1-1-300x181.jpg 300w, https:\/\/www.lindforsarkitekt.se\/wp-content\/uploads\/2024\/08\/anlita-arkitekt-lindfors-arkitektkontor-lindomeFC1-1-768x463.jpg 768w, https:\/\/www.lindforsarkitekt.se\/wp-content\/uploads\/2024\/08\/anlita-arkitekt-lindfors-arkitektkontor-lindomeFC1-1-1536x927.jpg 1536w, https:\/\/www.lindforsarkitekt.se\/wp-content\/uploads\/2024\/08\/anlita-arkitekt-lindfors-arkitektkontor-lindomeFC1-1-600x362.jpg 600w, https:\/\/www.lindforsarkitekt.se\/wp-content\/uploads\/2024\/08\/anlita-arkitekt-lindfors-arkitektkontor-lindomeFC1-1-1200x724.jpg 1200w, https:\/\/www.lindforsarkitekt.se\/wp-content\/uploads\/2024\/08\/anlita-arkitekt-lindfors-arkitektkontor-lindomeFC1-1.jpg 1981w\" sizes=\"auto, (max-width: 1024px) 100vw, 1024px\" \/><\/figure>\n\n\n\n<figure class=\"wp-block-image size-large\"><img loading=\"lazy\" decoding=\"async\" width=\"1024\" height=\"730\" data-id=\"857\" src=\"https:\/\/www.lindforsarkitekt.se\/wp-content\/uploads\/2026\/04\/anlita-arkitekt-lindfors-arkitektkontor-lindomeFC4-1024x730.jpg\" alt=\"\" class=\"wp-image-857\" srcset=\"https:\/\/www.lindforsarkitekt.se\/wp-content\/uploads\/2026\/04\/anlita-arkitekt-lindfors-arkitektkontor-lindomeFC4-1024x730.jpg 1024w, https:\/\/www.lindforsarkitekt.se\/wp-content\/uploads\/2026\/04\/anlita-arkitekt-lindfors-arkitektkontor-lindomeFC4-300x214.jpg 300w, https:\/\/www.lindforsarkitekt.se\/wp-content\/uploads\/2026\/04\/anlita-arkitekt-lindfors-arkitektkontor-lindomeFC4.jpg 2000w\" sizes=\"auto, (max-width: 1024px) 100vw, 1024px\" \/><\/figure>\n\n\n\n<figure class=\"wp-block-image size-large\"><img loading=\"lazy\" decoding=\"async\" width=\"1024\" height=\"768\" data-id=\"533\" src=\"https:\/\/www.lindforsarkitekt.se\/wp-content\/uploads\/2024\/08\/anlita-arkitekt-lindfors-arkitektkontor-lindomeFC8-1024x768.jpg\" alt=\"\" class=\"wp-image-533\" srcset=\"https:\/\/www.lindforsarkitekt.se\/wp-content\/uploads\/2024\/08\/anlita-arkitekt-lindfors-arkitektkontor-lindomeFC8-1024x768.jpg 1024w, https:\/\/www.lindforsarkitekt.se\/wp-content\/uploads\/2024\/08\/anlita-arkitekt-lindfors-arkitektkontor-lindomeFC8-300x225.jpg 300w, https:\/\/www.lindforsarkitekt.se\/wp-content\/uploads\/2024\/08\/anlita-arkitekt-lindfors-arkitektkontor-lindomeFC8.jpg 2000w\" sizes=\"auto, (max-width: 1024px) 100vw, 1024px\" \/><\/figure>\n\n\n\n<figure class=\"wp-block-image size-large\"><img loading=\"lazy\" decoding=\"async\" width=\"1024\" height=\"736\" data-id=\"858\" src=\"https:\/\/www.lindforsarkitekt.se\/wp-content\/uploads\/2026\/04\/anlita-arkitekt-lindfors-arkitektkontor-lindomeFC5-1024x736.jpg\" alt=\"\" class=\"wp-image-858\" srcset=\"https:\/\/www.lindforsarkitekt.se\/wp-content\/uploads\/2026\/04\/anlita-arkitekt-lindfors-arkitektkontor-lindomeFC5-1024x736.jpg 1024w, https:\/\/www.lindforsarkitekt.se\/wp-content\/uploads\/2026\/04\/anlita-arkitekt-lindfors-arkitektkontor-lindomeFC5-300x216.jpg 300w, https:\/\/www.lindforsarkitekt.se\/wp-content\/uploads\/2026\/04\/anlita-arkitekt-lindfors-arkitektkontor-lindomeFC5.jpg 2000w\" sizes=\"auto, (max-width: 1024px) 100vw, 1024px\" \/><\/figure>\n\n\n\n<figure class=\"wp-block-image size-large\"><img loading=\"lazy\" decoding=\"async\" width=\"1024\" height=\"754\" data-id=\"859\" src=\"https:\/\/www.lindforsarkitekt.se\/wp-content\/uploads\/2026\/04\/anlita-arkitekt-lindfors-arkitektkontor-lindomeFC9-1024x754.jpg\" alt=\"\" class=\"wp-image-859\" srcset=\"https:\/\/www.lindforsarkitekt.se\/wp-content\/uploads\/2026\/04\/anlita-arkitekt-lindfors-arkitektkontor-lindomeFC9-1024x754.jpg 1024w, https:\/\/www.lindforsarkitekt.se\/wp-content\/uploads\/2026\/04\/anlita-arkitekt-lindfors-arkitektkontor-lindomeFC9-300x221.jpg 300w, https:\/\/www.lindforsarkitekt.se\/wp-content\/uploads\/2026\/04\/anlita-arkitekt-lindfors-arkitektkontor-lindomeFC9.jpg 2000w\" sizes=\"auto, (max-width: 1024px) 100vw, 1024px\" \/><\/figure>\n<\/figure>\n\n\n\n<p><\/p>\n","protected":false},"excerpt":{"rendered":"<p>Lindome F\u00f6rsamlingscentrum \u00e4r byggt p\u00e5 70-talet och det fanns en hel del milj\u00f6problem i huset. Flera utredningar har gjorts genom \u00e5ren med f\u00f6rslag om ombyggnad alternativt nybyggnas.Lindfors Arkitektkontor kopplades in 2015 och en omfattande lokal- och verksamhetsutredning gjordes. F\u00f6rsamlingen kom fram till att man ville bevara huset, som \u00e4r ett landm\u00e4rke i Lindome, men en &hellip; <\/p>\n<p class=\"link-more\"><a href=\"https:\/\/www.lindforsarkitekt.se\/?page_id=532\" class=\"more-link\">L\u00e4s mer<span class=\"screen-reader-text\"> \u201dLindome F\u00f6rsamlingshem\u201d<\/span><\/a><\/p>\n","protected":false},"author":1,"featured_media":618,"parent":0,"menu_order":0,"comment_status":"closed","ping_status":"closed","template":"","meta":{"_monsterinsights_skip_tracking":false,"_monsterinsights_sitenote_active":false,"_monsterinsights_sitenote_note":"","_monsterinsights_sitenote_category":0,"footnotes":""},"class_list":["post-532","page","type-page","status-publish","has-post-thumbnail","hentry"],"yoast_head":"<!-- This site is optimized with the Yoast SEO plugin v27.5 - https:\/\/yoast.com\/product\/yoast-seo-wordpress\/ -->\n<title>Lindome F\u00f6rsamlingshem - Lindfors Arkitektkontor AB<\/title>\n<meta name=\"robots\" content=\"index, follow, max-snippet:-1, max-image-preview:large, max-video-preview:-1\" \/>\n<link rel=\"canonical\" href=\"https:\/\/www.lindforsarkitekt.se\/?page_id=532\" \/>\n<meta property=\"og:locale\" content=\"sv_SE\" \/>\n<meta property=\"og:type\" content=\"article\" \/>\n<meta property=\"og:title\" content=\"Lindome F\u00f6rsamlingshem - Lindfors Arkitektkontor AB\" \/>\n<meta property=\"og:description\" content=\"Lindome F\u00f6rsamlingscentrum \u00e4r byggt p\u00e5 70-talet och det fanns en hel del milj\u00f6problem i huset. Flera utredningar har gjorts genom \u00e5ren med f\u00f6rslag om ombyggnad alternativt nybyggnas.Lindfors Arkitektkontor kopplades in 2015 och en omfattande lokal- och verksamhetsutredning gjordes. F\u00f6rsamlingen kom fram till att man ville bevara huset, som \u00e4r ett landm\u00e4rke i Lindome, men en &hellip; L\u00e4s mer \u201dLindome F\u00f6rsamlingshem\u201d\" \/>\n<meta property=\"og:url\" content=\"https:\/\/www.lindforsarkitekt.se\/?page_id=532\" \/>\n<meta property=\"og:site_name\" content=\"Lindfors Arkitektkontor AB\" \/>\n<meta property=\"article:modified_time\" content=\"2026-04-28T13:36:18+00:00\" \/>\n<meta property=\"og:image\" content=\"https:\/\/www.lindforsarkitekt.se\/wp-content\/uploads\/2024\/09\/anlita-arkitekt-lindfors-arkitektkontor-lindomeFC6.jpg\" \/>\n\t<meta property=\"og:image:width\" content=\"2000\" \/>\n\t<meta property=\"og:image:height\" content=\"1509\" \/>\n\t<meta property=\"og:image:type\" content=\"image\/jpeg\" \/>\n<meta name=\"twitter:card\" content=\"summary_large_image\" \/>\n<meta name=\"twitter:label1\" content=\"Ber\u00e4knad l\u00e4stid\" \/>\n\t<meta name=\"twitter:data1\" content=\"3 minuter\" \/>\n<script type=\"application\/ld+json\" class=\"yoast-schema-graph\">{\"@context\":\"https:\\\/\\\/schema.org\",\"@graph\":[{\"@type\":\"WebPage\",\"@id\":\"https:\\\/\\\/www.lindforsarkitekt.se\\\/?page_id=532\",\"url\":\"https:\\\/\\\/www.lindforsarkitekt.se\\\/?page_id=532\",\"name\":\"Lindome F\u00f6rsamlingshem - Lindfors Arkitektkontor AB\",\"isPartOf\":{\"@id\":\"https:\\\/\\\/www.lindforsarkitekt.se\\\/#website\"},\"primaryImageOfPage\":{\"@id\":\"https:\\\/\\\/www.lindforsarkitekt.se\\\/?page_id=532#primaryimage\"},\"image\":{\"@id\":\"https:\\\/\\\/www.lindforsarkitekt.se\\\/?page_id=532#primaryimage\"},\"thumbnailUrl\":\"https:\\\/\\\/www.lindforsarkitekt.se\\\/wp-content\\\/uploads\\\/2024\\\/09\\\/anlita-arkitekt-lindfors-arkitektkontor-lindomeFC6.jpg\",\"datePublished\":\"2024-08-30T12:10:38+00:00\",\"dateModified\":\"2026-04-28T13:36:18+00:00\",\"breadcrumb\":{\"@id\":\"https:\\\/\\\/www.lindforsarkitekt.se\\\/?page_id=532#breadcrumb\"},\"inLanguage\":\"sv-SE\",\"potentialAction\":[{\"@type\":\"ReadAction\",\"target\":[\"https:\\\/\\\/www.lindforsarkitekt.se\\\/?page_id=532\"]}]},{\"@type\":\"ImageObject\",\"inLanguage\":\"sv-SE\",\"@id\":\"https:\\\/\\\/www.lindforsarkitekt.se\\\/?page_id=532#primaryimage\",\"url\":\"https:\\\/\\\/www.lindforsarkitekt.se\\\/wp-content\\\/uploads\\\/2024\\\/09\\\/anlita-arkitekt-lindfors-arkitektkontor-lindomeFC6.jpg\",\"contentUrl\":\"https:\\\/\\\/www.lindforsarkitekt.se\\\/wp-content\\\/uploads\\\/2024\\\/09\\\/anlita-arkitekt-lindfors-arkitektkontor-lindomeFC6.jpg\",\"width\":2000,\"height\":1509},{\"@type\":\"BreadcrumbList\",\"@id\":\"https:\\\/\\\/www.lindforsarkitekt.se\\\/?page_id=532#breadcrumb\",\"itemListElement\":[{\"@type\":\"ListItem\",\"position\":1,\"name\":\"Home\",\"item\":\"https:\\\/\\\/www.lindforsarkitekt.se\\\/\"},{\"@type\":\"ListItem\",\"position\":2,\"name\":\"Lindome F\u00f6rsamlingshem\"}]},{\"@type\":\"WebSite\",\"@id\":\"https:\\\/\\\/www.lindforsarkitekt.se\\\/#website\",\"url\":\"https:\\\/\\\/www.lindforsarkitekt.se\\\/\",\"name\":\"Lindfors Arkitektkontor AB\",\"description\":\"\",\"publisher\":{\"@id\":\"https:\\\/\\\/www.lindforsarkitekt.se\\\/#organization\"},\"potentialAction\":[{\"@type\":\"SearchAction\",\"target\":{\"@type\":\"EntryPoint\",\"urlTemplate\":\"https:\\\/\\\/www.lindforsarkitekt.se\\\/?s={search_term_string}\"},\"query-input\":{\"@type\":\"PropertyValueSpecification\",\"valueRequired\":true,\"valueName\":\"search_term_string\"}}],\"inLanguage\":\"sv-SE\"},{\"@type\":\"Organization\",\"@id\":\"https:\\\/\\\/www.lindforsarkitekt.se\\\/#organization\",\"name\":\"Lindfors Arkitektkontor AB\",\"url\":\"https:\\\/\\\/www.lindforsarkitekt.se\\\/\",\"logo\":{\"@type\":\"ImageObject\",\"inLanguage\":\"sv-SE\",\"@id\":\"https:\\\/\\\/www.lindforsarkitekt.se\\\/#\\\/schema\\\/logo\\\/image\\\/\",\"url\":\"https:\\\/\\\/www.lindforsarkitekt.se\\\/wp-content\\\/uploads\\\/2024\\\/08\\\/Lindfors-logo_vit_utan-linje.png\",\"contentUrl\":\"https:\\\/\\\/www.lindforsarkitekt.se\\\/wp-content\\\/uploads\\\/2024\\\/08\\\/Lindfors-logo_vit_utan-linje.png\",\"width\":5942,\"height\":1226,\"caption\":\"Lindfors Arkitektkontor AB\"},\"image\":{\"@id\":\"https:\\\/\\\/www.lindforsarkitekt.se\\\/#\\\/schema\\\/logo\\\/image\\\/\"}}]}<\/script>\n<!-- \/ Yoast SEO plugin. -->","yoast_head_json":{"title":"Lindome F\u00f6rsamlingshem - Lindfors Arkitektkontor AB","robots":{"index":"index","follow":"follow","max-snippet":"max-snippet:-1","max-image-preview":"max-image-preview:large","max-video-preview":"max-video-preview:-1"},"canonical":"https:\/\/www.lindforsarkitekt.se\/?page_id=532","og_locale":"sv_SE","og_type":"article","og_title":"Lindome F\u00f6rsamlingshem - Lindfors Arkitektkontor AB","og_description":"Lindome F\u00f6rsamlingscentrum \u00e4r byggt p\u00e5 70-talet och det fanns en hel del milj\u00f6problem i huset. Flera utredningar har gjorts genom \u00e5ren med f\u00f6rslag om ombyggnad alternativt nybyggnas.Lindfors Arkitektkontor kopplades in 2015 och en omfattande lokal- och verksamhetsutredning gjordes. F\u00f6rsamlingen kom fram till att man ville bevara huset, som \u00e4r ett landm\u00e4rke i Lindome, men en &hellip; L\u00e4s mer \u201dLindome F\u00f6rsamlingshem\u201d","og_url":"https:\/\/www.lindforsarkitekt.se\/?page_id=532","og_site_name":"Lindfors Arkitektkontor AB","article_modified_time":"2026-04-28T13:36:18+00:00","og_image":[{"width":2000,"height":1509,"url":"https:\/\/www.lindforsarkitekt.se\/wp-content\/uploads\/2024\/09\/anlita-arkitekt-lindfors-arkitektkontor-lindomeFC6.jpg","type":"image\/jpeg"}],"twitter_card":"summary_large_image","twitter_misc":{"Ber\u00e4knad l\u00e4stid":"3 minuter"},"schema":{"@context":"https:\/\/schema.org","@graph":[{"@type":"WebPage","@id":"https:\/\/www.lindforsarkitekt.se\/?page_id=532","url":"https:\/\/www.lindforsarkitekt.se\/?page_id=532","name":"Lindome F\u00f6rsamlingshem - Lindfors Arkitektkontor AB","isPartOf":{"@id":"https:\/\/www.lindforsarkitekt.se\/#website"},"primaryImageOfPage":{"@id":"https:\/\/www.lindforsarkitekt.se\/?page_id=532#primaryimage"},"image":{"@id":"https:\/\/www.lindforsarkitekt.se\/?page_id=532#primaryimage"},"thumbnailUrl":"https:\/\/www.lindforsarkitekt.se\/wp-content\/uploads\/2024\/09\/anlita-arkitekt-lindfors-arkitektkontor-lindomeFC6.jpg","datePublished":"2024-08-30T12:10:38+00:00","dateModified":"2026-04-28T13:36:18+00:00","breadcrumb":{"@id":"https:\/\/www.lindforsarkitekt.se\/?page_id=532#breadcrumb"},"inLanguage":"sv-SE","potentialAction":[{"@type":"ReadAction","target":["https:\/\/www.lindforsarkitekt.se\/?page_id=532"]}]},{"@type":"ImageObject","inLanguage":"sv-SE","@id":"https:\/\/www.lindforsarkitekt.se\/?page_id=532#primaryimage","url":"https:\/\/www.lindforsarkitekt.se\/wp-content\/uploads\/2024\/09\/anlita-arkitekt-lindfors-arkitektkontor-lindomeFC6.jpg","contentUrl":"https:\/\/www.lindforsarkitekt.se\/wp-content\/uploads\/2024\/09\/anlita-arkitekt-lindfors-arkitektkontor-lindomeFC6.jpg","width":2000,"height":1509},{"@type":"BreadcrumbList","@id":"https:\/\/www.lindforsarkitekt.se\/?page_id=532#breadcrumb","itemListElement":[{"@type":"ListItem","position":1,"name":"Home","item":"https:\/\/www.lindforsarkitekt.se\/"},{"@type":"ListItem","position":2,"name":"Lindome F\u00f6rsamlingshem"}]},{"@type":"WebSite","@id":"https:\/\/www.lindforsarkitekt.se\/#website","url":"https:\/\/www.lindforsarkitekt.se\/","name":"Lindfors Arkitektkontor AB","description":"","publisher":{"@id":"https:\/\/www.lindforsarkitekt.se\/#organization"},"potentialAction":[{"@type":"SearchAction","target":{"@type":"EntryPoint","urlTemplate":"https:\/\/www.lindforsarkitekt.se\/?s={search_term_string}"},"query-input":{"@type":"PropertyValueSpecification","valueRequired":true,"valueName":"search_term_string"}}],"inLanguage":"sv-SE"},{"@type":"Organization","@id":"https:\/\/www.lindforsarkitekt.se\/#organization","name":"Lindfors Arkitektkontor AB","url":"https:\/\/www.lindforsarkitekt.se\/","logo":{"@type":"ImageObject","inLanguage":"sv-SE","@id":"https:\/\/www.lindforsarkitekt.se\/#\/schema\/logo\/image\/","url":"https:\/\/www.lindforsarkitekt.se\/wp-content\/uploads\/2024\/08\/Lindfors-logo_vit_utan-linje.png","contentUrl":"https:\/\/www.lindforsarkitekt.se\/wp-content\/uploads\/2024\/08\/Lindfors-logo_vit_utan-linje.png","width":5942,"height":1226,"caption":"Lindfors Arkitektkontor AB"},"image":{"@id":"https:\/\/www.lindforsarkitekt.se\/#\/schema\/logo\/image\/"}}]}},"featured_media_urls":{"thumbnail":["https:\/\/www.lindforsarkitekt.se\/wp-content\/uploads\/2024\/09\/anlita-arkitekt-lindfors-arkitektkontor-lindomeFC6-150x150.jpg",150,150,true],"medium":["https:\/\/www.lindforsarkitekt.se\/wp-content\/uploads\/2024\/09\/anlita-arkitekt-lindfors-arkitektkontor-lindomeFC6-300x226.jpg",300,226,true],"medium_large":["https:\/\/www.lindforsarkitekt.se\/wp-content\/uploads\/2024\/09\/anlita-arkitekt-lindfors-arkitektkontor-lindomeFC6.jpg",768,579,false],"large":["https:\/\/www.lindforsarkitekt.se\/wp-content\/uploads\/2024\/09\/anlita-arkitekt-lindfors-arkitektkontor-lindomeFC6-1024x773.jpg",950,717,true],"1536x1536":["https:\/\/www.lindforsarkitekt.se\/wp-content\/uploads\/2024\/09\/anlita-arkitekt-lindfors-arkitektkontor-lindomeFC6-1536x1159.jpg",1536,1159,true],"2048x2048":["https:\/\/www.lindforsarkitekt.se\/wp-content\/uploads\/2024\/09\/anlita-arkitekt-lindfors-arkitektkontor-lindomeFC6.jpg",2000,1509,false],"inspiro-featured-image":["https:\/\/www.lindforsarkitekt.se\/wp-content\/uploads\/2024\/09\/anlita-arkitekt-lindfors-arkitektkontor-lindomeFC6.jpg",2000,1509,false],"inspiro-loop":["https:\/\/www.lindforsarkitekt.se\/wp-content\/uploads\/2024\/09\/anlita-arkitekt-lindfors-arkitektkontor-lindomeFC6-950x320.jpg",950,320,true],"inspiro-loop@2x":["https:\/\/www.lindforsarkitekt.se\/wp-content\/uploads\/2024\/09\/anlita-arkitekt-lindfors-arkitektkontor-lindomeFC6-1900x640.jpg",1900,640,true],"portfolio_item-thumbnail":["https:\/\/www.lindforsarkitekt.se\/wp-content\/uploads\/2024\/09\/anlita-arkitekt-lindfors-arkitektkontor-lindomeFC6-600x400.jpg",600,400,true],"portfolio_item-thumbnail@2x":["https:\/\/www.lindforsarkitekt.se\/wp-content\/uploads\/2024\/09\/anlita-arkitekt-lindfors-arkitektkontor-lindomeFC6-1200x800.jpg",1200,800,true],"portfolio_item-masonry":["https:\/\/www.lindforsarkitekt.se\/wp-content\/uploads\/2024\/09\/anlita-arkitekt-lindfors-arkitektkontor-lindomeFC6-600x453.jpg",600,453,true],"portfolio_item-masonry@2x":["https:\/\/www.lindforsarkitekt.se\/wp-content\/uploads\/2024\/09\/anlita-arkitekt-lindfors-arkitektkontor-lindomeFC6-1200x905.jpg",1200,905,true],"portfolio_item-thumbnail_cinema":["https:\/\/www.lindforsarkitekt.se\/wp-content\/uploads\/2024\/09\/anlita-arkitekt-lindfors-arkitektkontor-lindomeFC6-800x335.jpg",800,335,true],"portfolio_item-thumbnail_portrait":["https:\/\/www.lindforsarkitekt.se\/wp-content\/uploads\/2024\/09\/anlita-arkitekt-lindfors-arkitektkontor-lindomeFC6-600x900.jpg",600,900,true],"portfolio_item-thumbnail_portrait@2x":["https:\/\/www.lindforsarkitekt.se\/wp-content\/uploads\/2024\/09\/anlita-arkitekt-lindfors-arkitektkontor-lindomeFC6-1200x1509.jpg",1200,1509,true],"portfolio_item-thumbnail_square":["https:\/\/www.lindforsarkitekt.se\/wp-content\/uploads\/2024\/09\/anlita-arkitekt-lindfors-arkitektkontor-lindomeFC6-800x800.jpg",800,800,true]},"_links":{"self":[{"href":"https:\/\/www.lindforsarkitekt.se\/index.php?rest_route=\/wp\/v2\/pages\/532","targetHints":{"allow":["GET"]}}],"collection":[{"href":"https:\/\/www.lindforsarkitekt.se\/index.php?rest_route=\/wp\/v2\/pages"}],"about":[{"href":"https:\/\/www.lindforsarkitekt.se\/index.php?rest_route=\/wp\/v2\/types\/page"}],"author":[{"embeddable":true,"href":"https:\/\/www.lindforsarkitekt.se\/index.php?rest_route=\/wp\/v2\/users\/1"}],"replies":[{"embeddable":true,"href":"https:\/\/www.lindforsarkitekt.se\/index.php?rest_route=%2Fwp%2Fv2%2Fcomments&post=532"}],"version-history":[{"count":3,"href":"https:\/\/www.lindforsarkitekt.se\/index.php?rest_route=\/wp\/v2\/pages\/532\/revisions"}],"predecessor-version":[{"id":913,"href":"https:\/\/www.lindforsarkitekt.se\/index.php?rest_route=\/wp\/v2\/pages\/532\/revisions\/913"}],"wp:featuredmedia":[{"embeddable":true,"href":"https:\/\/www.lindforsarkitekt.se\/index.php?rest_route=\/wp\/v2\/media\/618"}],"wp:attachment":[{"href":"https:\/\/www.lindforsarkitekt.se\/index.php?rest_route=%2Fwp%2Fv2%2Fmedia&parent=532"}],"curies":[{"name":"wp","href":"https:\/\/api.w.org\/{rel}","templated":true}]}}