{"id":294,"date":"2024-08-27T16:01:16","date_gmt":"2024-08-27T14:01:16","guid":{"rendered":"https:\/\/www.lindforsarkitekt.se\/?page_id=294"},"modified":"2026-04-27T16:31:37","modified_gmt":"2026-04-27T14:31:37","slug":"skara-stadshus","status":"publish","type":"page","link":"https:\/\/www.lindforsarkitekt.se\/?page_id=294","title":{"rendered":"Skara Stadshus"},"content":{"rendered":"\n<p>Den tidigare Dj\u00e4kneskolan i Skara, ritad av Helgo Zettervall 1871, har byggts om till Skara Stadshus. Lindfors Arkitektkontor AB blev engagerade i ett mycket tidigt skede. Ombyggnaden \u00e4r skapat f\u00f6r ett flexibelt aktivitetsbaserat arbetss\u00e4tt och Lindfors arkitektkontor har tillsammans med Skara kommun arbetat fram ett koncept som passar husets planl\u00f6sning och karakt\u00e4r.<\/p>\n\n\n\n<p class=\"has-text-align-left\">Vi&nbsp; och har st\u00f6ttat projektet i alla faser, samt bist\u00e5tt kommunen med f\u00f6rstudier, verksamhetsanalys, program, skisser, ritningar och f\u00e4rg- och inredningskoncept, som samspelar med det ursprungliga husets karakt\u00e4r och kvaliteter.<\/p>\n\n\n\n<p class=\"has-text-align-left\">Vi har haft uppdraget som arkitekt i tidiga skeden och inredningsarkitekt i projekteringsskedet.&nbsp; Atelj\u00e9 Arkitekten i Skara har st\u00e5tt f\u00f6r byggnadsprojektering och antikvarisk expertis.<\/p>\n\n\n\n<figure class=\"wp-block-image size-large\"><img loading=\"lazy\" decoding=\"async\" width=\"856\" height=\"1024\" src=\"https:\/\/www.lindforsarkitekt.se\/wp-content\/uploads\/2024\/08\/Anlita_arkitekt_Lindfors_Skara_0-856x1024.jpg\" alt=\"\" class=\"wp-image-54\" srcset=\"https:\/\/www.lindforsarkitekt.se\/wp-content\/uploads\/2024\/08\/Anlita_arkitekt_Lindfors_Skara_0-856x1024.jpg 856w, https:\/\/www.lindforsarkitekt.se\/wp-content\/uploads\/2024\/08\/Anlita_arkitekt_Lindfors_Skara_0-251x300.jpg 251w, https:\/\/www.lindforsarkitekt.se\/wp-content\/uploads\/2024\/08\/Anlita_arkitekt_Lindfors_Skara_0-768x919.jpg 768w, https:\/\/www.lindforsarkitekt.se\/wp-content\/uploads\/2024\/08\/Anlita_arkitekt_Lindfors_Skara_0-1284x1536.jpg 1284w, https:\/\/www.lindforsarkitekt.se\/wp-content\/uploads\/2024\/08\/Anlita_arkitekt_Lindfors_Skara_0-1712x2048.jpg 1712w, https:\/\/www.lindforsarkitekt.se\/wp-content\/uploads\/2024\/08\/Anlita_arkitekt_Lindfors_Skara_0.jpg 2000w\" sizes=\"auto, (max-width: 856px) 100vw, 856px\" \/><\/figure>\n\n\n\n<figure class=\"wp-block-image size-large is-resized\"><img decoding=\"async\" src=\"https:\/\/www.lindforsarkitekt.se\/wp-content\/uploads\/2024\/08\/Anlita_arkitekt_Lindfors_Skara_1-1-1024x768.jpg\" alt=\"\" class=\"wp-image-55\" style=\"width:674px;height:auto\"\/><\/figure>\n\n\n\n<figure class=\"wp-block-image size-large\"><img loading=\"lazy\" decoding=\"async\" width=\"821\" height=\"1024\" src=\"https:\/\/www.lindforsarkitekt.se\/wp-content\/uploads\/2024\/08\/Anlita_arkitekt_Lindfors_Skara_8-821x1024.jpg\" alt=\"\" class=\"wp-image-62\" srcset=\"https:\/\/www.lindforsarkitekt.se\/wp-content\/uploads\/2024\/08\/Anlita_arkitekt_Lindfors_Skara_8-821x1024.jpg 821w, https:\/\/www.lindforsarkitekt.se\/wp-content\/uploads\/2024\/08\/Anlita_arkitekt_Lindfors_Skara_8-241x300.jpg 241w, https:\/\/www.lindforsarkitekt.se\/wp-content\/uploads\/2024\/08\/Anlita_arkitekt_Lindfors_Skara_8-768x958.jpg 768w, https:\/\/www.lindforsarkitekt.se\/wp-content\/uploads\/2024\/08\/Anlita_arkitekt_Lindfors_Skara_8-1231x1536.jpg 1231w, https:\/\/www.lindforsarkitekt.se\/wp-content\/uploads\/2024\/08\/Anlita_arkitekt_Lindfors_Skara_8.jpg 1512w\" sizes=\"auto, (max-width: 821px) 100vw, 821px\" \/><\/figure>\n\n\n\n<figure class=\"wp-block-image size-large\"><img loading=\"lazy\" decoding=\"async\" width=\"1024\" height=\"682\" src=\"https:\/\/www.lindforsarkitekt.se\/wp-content\/uploads\/2024\/08\/Anlita_arkitekt_Lindfors_Skara_2-1024x682.jpg\" alt=\"\" class=\"wp-image-56\" srcset=\"https:\/\/www.lindforsarkitekt.se\/wp-content\/uploads\/2024\/08\/Anlita_arkitekt_Lindfors_Skara_2-1024x682.jpg 1024w, https:\/\/www.lindforsarkitekt.se\/wp-content\/uploads\/2024\/08\/Anlita_arkitekt_Lindfors_Skara_2-300x200.jpg 300w, https:\/\/www.lindforsarkitekt.se\/wp-content\/uploads\/2024\/08\/Anlita_arkitekt_Lindfors_Skara_2-768x512.jpg 768w, https:\/\/www.lindforsarkitekt.se\/wp-content\/uploads\/2024\/08\/Anlita_arkitekt_Lindfors_Skara_2-1536x1024.jpg 1536w, https:\/\/www.lindforsarkitekt.se\/wp-content\/uploads\/2024\/08\/Anlita_arkitekt_Lindfors_Skara_2.jpg 2000w\" sizes=\"auto, (max-width: 1024px) 100vw, 1024px\" \/><\/figure>\n\n\n\n<figure class=\"wp-block-image size-large\"><img loading=\"lazy\" decoding=\"async\" width=\"768\" height=\"1024\" src=\"https:\/\/www.lindforsarkitekt.se\/wp-content\/uploads\/2024\/08\/Anlita_arkitekt_Lindfors_Skara_15-768x1024.jpg\" alt=\"\" class=\"wp-image-53\" srcset=\"https:\/\/www.lindforsarkitekt.se\/wp-content\/uploads\/2024\/08\/Anlita_arkitekt_Lindfors_Skara_15-768x1024.jpg 768w, https:\/\/www.lindforsarkitekt.se\/wp-content\/uploads\/2024\/08\/Anlita_arkitekt_Lindfors_Skara_15-225x300.jpg 225w, https:\/\/www.lindforsarkitekt.se\/wp-content\/uploads\/2024\/08\/Anlita_arkitekt_Lindfors_Skara_15-1152x1536.jpg 1152w, https:\/\/www.lindforsarkitekt.se\/wp-content\/uploads\/2024\/08\/Anlita_arkitekt_Lindfors_Skara_15.jpg 1512w\" sizes=\"auto, (max-width: 768px) 100vw, 768px\" \/><\/figure>\n\n\n\n<figure class=\"wp-block-image size-large\"><img loading=\"lazy\" decoding=\"async\" width=\"1024\" height=\"721\" src=\"https:\/\/www.lindforsarkitekt.se\/wp-content\/uploads\/2024\/08\/Anlita_arkitekt_Lindfors_Skara_12-1024x721.jpg\" alt=\"\" class=\"wp-image-66\" srcset=\"https:\/\/www.lindforsarkitekt.se\/wp-content\/uploads\/2024\/08\/Anlita_arkitekt_Lindfors_Skara_12-1024x721.jpg 1024w, https:\/\/www.lindforsarkitekt.se\/wp-content\/uploads\/2024\/08\/Anlita_arkitekt_Lindfors_Skara_12-300x211.jpg 300w, https:\/\/www.lindforsarkitekt.se\/wp-content\/uploads\/2024\/08\/Anlita_arkitekt_Lindfors_Skara_12-768x541.jpg 768w, https:\/\/www.lindforsarkitekt.se\/wp-content\/uploads\/2024\/08\/Anlita_arkitekt_Lindfors_Skara_12-1536x1082.jpg 1536w, https:\/\/www.lindforsarkitekt.se\/wp-content\/uploads\/2024\/08\/Anlita_arkitekt_Lindfors_Skara_12.jpg 2000w\" sizes=\"auto, (max-width: 1024px) 100vw, 1024px\" \/><\/figure>\n\n\n\n<figure class=\"wp-block-image size-large\"><img loading=\"lazy\" decoding=\"async\" width=\"1024\" height=\"721\" src=\"https:\/\/www.lindforsarkitekt.se\/wp-content\/uploads\/2024\/08\/Anlita_arkitekt_Lindfors_Skara_13-1024x721.jpg\" alt=\"\" class=\"wp-image-67\" srcset=\"https:\/\/www.lindforsarkitekt.se\/wp-content\/uploads\/2024\/08\/Anlita_arkitekt_Lindfors_Skara_13-1024x721.jpg 1024w, https:\/\/www.lindforsarkitekt.se\/wp-content\/uploads\/2024\/08\/Anlita_arkitekt_Lindfors_Skara_13-300x211.jpg 300w, https:\/\/www.lindforsarkitekt.se\/wp-content\/uploads\/2024\/08\/Anlita_arkitekt_Lindfors_Skara_13-768x541.jpg 768w, https:\/\/www.lindforsarkitekt.se\/wp-content\/uploads\/2024\/08\/Anlita_arkitekt_Lindfors_Skara_13-1536x1082.jpg 1536w, https:\/\/www.lindforsarkitekt.se\/wp-content\/uploads\/2024\/08\/Anlita_arkitekt_Lindfors_Skara_13.jpg 2000w\" sizes=\"auto, (max-width: 1024px) 100vw, 1024px\" \/><\/figure>\n\n\n\n<p><\/p>\n","protected":false},"excerpt":{"rendered":"<p>Den tidigare Dj\u00e4kneskolan i Skara, ritad av Helgo Zettervall 1871, har byggts om till Skara Stadshus. Lindfors Arkitektkontor AB blev engagerade i ett mycket tidigt skede. Ombyggnaden \u00e4r skapat f\u00f6r ett flexibelt aktivitetsbaserat arbetss\u00e4tt och Lindfors arkitektkontor har tillsammans med Skara kommun arbetat fram ett koncept som passar husets planl\u00f6sning och karakt\u00e4r. Vi&nbsp; och har &hellip; <\/p>\n<p class=\"link-more\"><a href=\"https:\/\/www.lindforsarkitekt.se\/?page_id=294\" class=\"more-link\">L\u00e4s mer<span class=\"screen-reader-text\"> \u201dSkara Stadshus\u201d<\/span><\/a><\/p>\n","protected":false},"author":1,"featured_media":548,"parent":0,"menu_order":0,"comment_status":"closed","ping_status":"closed","template":"","meta":{"_monsterinsights_skip_tracking":false,"_monsterinsights_sitenote_active":false,"_monsterinsights_sitenote_note":"","_monsterinsights_sitenote_category":0,"footnotes":""},"class_list":["post-294","page","type-page","status-publish","has-post-thumbnail","hentry"],"yoast_head":"<!-- This site is optimized with the Yoast SEO plugin v27.5 - https:\/\/yoast.com\/product\/yoast-seo-wordpress\/ -->\n<title>Skara Stadshus - Lindfors Arkitektkontor AB<\/title>\n<meta name=\"robots\" content=\"index, follow, max-snippet:-1, max-image-preview:large, max-video-preview:-1\" \/>\n<link rel=\"canonical\" href=\"https:\/\/www.lindforsarkitekt.se\/?page_id=294\" \/>\n<meta property=\"og:locale\" content=\"sv_SE\" \/>\n<meta property=\"og:type\" content=\"article\" \/>\n<meta property=\"og:title\" content=\"Skara Stadshus - Lindfors Arkitektkontor AB\" \/>\n<meta property=\"og:description\" content=\"Den tidigare Dj\u00e4kneskolan i Skara, ritad av Helgo Zettervall 1871, har byggts om till Skara Stadshus. Lindfors Arkitektkontor AB blev engagerade i ett mycket tidigt skede. Ombyggnaden \u00e4r skapat f\u00f6r ett flexibelt aktivitetsbaserat arbetss\u00e4tt och Lindfors arkitektkontor har tillsammans med Skara kommun arbetat fram ett koncept som passar husets planl\u00f6sning och karakt\u00e4r. Vi&nbsp; och har &hellip; L\u00e4s mer \u201dSkara Stadshus\u201d\" \/>\n<meta property=\"og:url\" content=\"https:\/\/www.lindforsarkitekt.se\/?page_id=294\" \/>\n<meta property=\"og:site_name\" content=\"Lindfors Arkitektkontor AB\" \/>\n<meta property=\"article:modified_time\" content=\"2026-04-27T14:31:37+00:00\" \/>\n<meta property=\"og:image\" content=\"https:\/\/www.lindforsarkitekt.se\/wp-content\/uploads\/2024\/08\/Thumb-Skara.jpg\" \/>\n\t<meta property=\"og:image:width\" content=\"827\" \/>\n\t<meta property=\"og:image:height\" content=\"827\" \/>\n\t<meta property=\"og:image:type\" content=\"image\/jpeg\" \/>\n<meta name=\"twitter:card\" content=\"summary_large_image\" \/>\n<meta name=\"twitter:label1\" content=\"Ber\u00e4knad l\u00e4stid\" \/>\n\t<meta name=\"twitter:data1\" content=\"2 minuter\" \/>\n<script type=\"application\/ld+json\" class=\"yoast-schema-graph\">{\"@context\":\"https:\\\/\\\/schema.org\",\"@graph\":[{\"@type\":\"WebPage\",\"@id\":\"https:\\\/\\\/www.lindforsarkitekt.se\\\/?page_id=294\",\"url\":\"https:\\\/\\\/www.lindforsarkitekt.se\\\/?page_id=294\",\"name\":\"Skara Stadshus - Lindfors Arkitektkontor AB\",\"isPartOf\":{\"@id\":\"https:\\\/\\\/www.lindforsarkitekt.se\\\/#website\"},\"primaryImageOfPage\":{\"@id\":\"https:\\\/\\\/www.lindforsarkitekt.se\\\/?page_id=294#primaryimage\"},\"image\":{\"@id\":\"https:\\\/\\\/www.lindforsarkitekt.se\\\/?page_id=294#primaryimage\"},\"thumbnailUrl\":\"https:\\\/\\\/www.lindforsarkitekt.se\\\/wp-content\\\/uploads\\\/2024\\\/08\\\/Thumb-Skara.jpg\",\"datePublished\":\"2024-08-27T14:01:16+00:00\",\"dateModified\":\"2026-04-27T14:31:37+00:00\",\"breadcrumb\":{\"@id\":\"https:\\\/\\\/www.lindforsarkitekt.se\\\/?page_id=294#breadcrumb\"},\"inLanguage\":\"sv-SE\",\"potentialAction\":[{\"@type\":\"ReadAction\",\"target\":[\"https:\\\/\\\/www.lindforsarkitekt.se\\\/?page_id=294\"]}]},{\"@type\":\"ImageObject\",\"inLanguage\":\"sv-SE\",\"@id\":\"https:\\\/\\\/www.lindforsarkitekt.se\\\/?page_id=294#primaryimage\",\"url\":\"https:\\\/\\\/www.lindforsarkitekt.se\\\/wp-content\\\/uploads\\\/2024\\\/08\\\/Thumb-Skara.jpg\",\"contentUrl\":\"https:\\\/\\\/www.lindforsarkitekt.se\\\/wp-content\\\/uploads\\\/2024\\\/08\\\/Thumb-Skara.jpg\",\"width\":827,\"height\":827,\"caption\":\"Ombyggnad Dj\u00e4knehuset Skara\"},{\"@type\":\"BreadcrumbList\",\"@id\":\"https:\\\/\\\/www.lindforsarkitekt.se\\\/?page_id=294#breadcrumb\",\"itemListElement\":[{\"@type\":\"ListItem\",\"position\":1,\"name\":\"Home\",\"item\":\"https:\\\/\\\/www.lindforsarkitekt.se\\\/\"},{\"@type\":\"ListItem\",\"position\":2,\"name\":\"Skara Stadshus\"}]},{\"@type\":\"WebSite\",\"@id\":\"https:\\\/\\\/www.lindforsarkitekt.se\\\/#website\",\"url\":\"https:\\\/\\\/www.lindforsarkitekt.se\\\/\",\"name\":\"Lindfors Arkitektkontor AB\",\"description\":\"\",\"publisher\":{\"@id\":\"https:\\\/\\\/www.lindforsarkitekt.se\\\/#organization\"},\"potentialAction\":[{\"@type\":\"SearchAction\",\"target\":{\"@type\":\"EntryPoint\",\"urlTemplate\":\"https:\\\/\\\/www.lindforsarkitekt.se\\\/?s={search_term_string}\"},\"query-input\":{\"@type\":\"PropertyValueSpecification\",\"valueRequired\":true,\"valueName\":\"search_term_string\"}}],\"inLanguage\":\"sv-SE\"},{\"@type\":\"Organization\",\"@id\":\"https:\\\/\\\/www.lindforsarkitekt.se\\\/#organization\",\"name\":\"Lindfors Arkitektkontor AB\",\"url\":\"https:\\\/\\\/www.lindforsarkitekt.se\\\/\",\"logo\":{\"@type\":\"ImageObject\",\"inLanguage\":\"sv-SE\",\"@id\":\"https:\\\/\\\/www.lindforsarkitekt.se\\\/#\\\/schema\\\/logo\\\/image\\\/\",\"url\":\"https:\\\/\\\/www.lindforsarkitekt.se\\\/wp-content\\\/uploads\\\/2024\\\/08\\\/Lindfors-logo_vit_utan-linje.png\",\"contentUrl\":\"https:\\\/\\\/www.lindforsarkitekt.se\\\/wp-content\\\/uploads\\\/2024\\\/08\\\/Lindfors-logo_vit_utan-linje.png\",\"width\":5942,\"height\":1226,\"caption\":\"Lindfors Arkitektkontor AB\"},\"image\":{\"@id\":\"https:\\\/\\\/www.lindforsarkitekt.se\\\/#\\\/schema\\\/logo\\\/image\\\/\"}}]}<\/script>\n<!-- \/ Yoast SEO plugin. -->","yoast_head_json":{"title":"Skara Stadshus - Lindfors Arkitektkontor AB","robots":{"index":"index","follow":"follow","max-snippet":"max-snippet:-1","max-image-preview":"max-image-preview:large","max-video-preview":"max-video-preview:-1"},"canonical":"https:\/\/www.lindforsarkitekt.se\/?page_id=294","og_locale":"sv_SE","og_type":"article","og_title":"Skara Stadshus - Lindfors Arkitektkontor AB","og_description":"Den tidigare Dj\u00e4kneskolan i Skara, ritad av Helgo Zettervall 1871, har byggts om till Skara Stadshus. Lindfors Arkitektkontor AB blev engagerade i ett mycket tidigt skede. Ombyggnaden \u00e4r skapat f\u00f6r ett flexibelt aktivitetsbaserat arbetss\u00e4tt och Lindfors arkitektkontor har tillsammans med Skara kommun arbetat fram ett koncept som passar husets planl\u00f6sning och karakt\u00e4r. Vi&nbsp; och har &hellip; L\u00e4s mer \u201dSkara Stadshus\u201d","og_url":"https:\/\/www.lindforsarkitekt.se\/?page_id=294","og_site_name":"Lindfors Arkitektkontor AB","article_modified_time":"2026-04-27T14:31:37+00:00","og_image":[{"width":827,"height":827,"url":"https:\/\/www.lindforsarkitekt.se\/wp-content\/uploads\/2024\/08\/Thumb-Skara.jpg","type":"image\/jpeg"}],"twitter_card":"summary_large_image","twitter_misc":{"Ber\u00e4knad l\u00e4stid":"2 minuter"},"schema":{"@context":"https:\/\/schema.org","@graph":[{"@type":"WebPage","@id":"https:\/\/www.lindforsarkitekt.se\/?page_id=294","url":"https:\/\/www.lindforsarkitekt.se\/?page_id=294","name":"Skara Stadshus - Lindfors Arkitektkontor AB","isPartOf":{"@id":"https:\/\/www.lindforsarkitekt.se\/#website"},"primaryImageOfPage":{"@id":"https:\/\/www.lindforsarkitekt.se\/?page_id=294#primaryimage"},"image":{"@id":"https:\/\/www.lindforsarkitekt.se\/?page_id=294#primaryimage"},"thumbnailUrl":"https:\/\/www.lindforsarkitekt.se\/wp-content\/uploads\/2024\/08\/Thumb-Skara.jpg","datePublished":"2024-08-27T14:01:16+00:00","dateModified":"2026-04-27T14:31:37+00:00","breadcrumb":{"@id":"https:\/\/www.lindforsarkitekt.se\/?page_id=294#breadcrumb"},"inLanguage":"sv-SE","potentialAction":[{"@type":"ReadAction","target":["https:\/\/www.lindforsarkitekt.se\/?page_id=294"]}]},{"@type":"ImageObject","inLanguage":"sv-SE","@id":"https:\/\/www.lindforsarkitekt.se\/?page_id=294#primaryimage","url":"https:\/\/www.lindforsarkitekt.se\/wp-content\/uploads\/2024\/08\/Thumb-Skara.jpg","contentUrl":"https:\/\/www.lindforsarkitekt.se\/wp-content\/uploads\/2024\/08\/Thumb-Skara.jpg","width":827,"height":827,"caption":"Ombyggnad Dj\u00e4knehuset Skara"},{"@type":"BreadcrumbList","@id":"https:\/\/www.lindforsarkitekt.se\/?page_id=294#breadcrumb","itemListElement":[{"@type":"ListItem","position":1,"name":"Home","item":"https:\/\/www.lindforsarkitekt.se\/"},{"@type":"ListItem","position":2,"name":"Skara Stadshus"}]},{"@type":"WebSite","@id":"https:\/\/www.lindforsarkitekt.se\/#website","url":"https:\/\/www.lindforsarkitekt.se\/","name":"Lindfors Arkitektkontor AB","description":"","publisher":{"@id":"https:\/\/www.lindforsarkitekt.se\/#organization"},"potentialAction":[{"@type":"SearchAction","target":{"@type":"EntryPoint","urlTemplate":"https:\/\/www.lindforsarkitekt.se\/?s={search_term_string}"},"query-input":{"@type":"PropertyValueSpecification","valueRequired":true,"valueName":"search_term_string"}}],"inLanguage":"sv-SE"},{"@type":"Organization","@id":"https:\/\/www.lindforsarkitekt.se\/#organization","name":"Lindfors Arkitektkontor AB","url":"https:\/\/www.lindforsarkitekt.se\/","logo":{"@type":"ImageObject","inLanguage":"sv-SE","@id":"https:\/\/www.lindforsarkitekt.se\/#\/schema\/logo\/image\/","url":"https:\/\/www.lindforsarkitekt.se\/wp-content\/uploads\/2024\/08\/Lindfors-logo_vit_utan-linje.png","contentUrl":"https:\/\/www.lindforsarkitekt.se\/wp-content\/uploads\/2024\/08\/Lindfors-logo_vit_utan-linje.png","width":5942,"height":1226,"caption":"Lindfors Arkitektkontor AB"},"image":{"@id":"https:\/\/www.lindforsarkitekt.se\/#\/schema\/logo\/image\/"}}]}},"featured_media_urls":{"thumbnail":["https:\/\/www.lindforsarkitekt.se\/wp-content\/uploads\/2024\/08\/Thumb-Skara-150x150.jpg",150,150,true],"medium":["https:\/\/www.lindforsarkitekt.se\/wp-content\/uploads\/2024\/08\/Thumb-Skara-300x300.jpg",300,300,true],"medium_large":["https:\/\/www.lindforsarkitekt.se\/wp-content\/uploads\/2024\/08\/Thumb-Skara.jpg",768,768,false],"large":["https:\/\/www.lindforsarkitekt.se\/wp-content\/uploads\/2024\/08\/Thumb-Skara.jpg",827,827,false],"1536x1536":["https:\/\/www.lindforsarkitekt.se\/wp-content\/uploads\/2024\/08\/Thumb-Skara.jpg",827,827,false],"2048x2048":["https:\/\/www.lindforsarkitekt.se\/wp-content\/uploads\/2024\/08\/Thumb-Skara.jpg",827,827,false],"inspiro-featured-image":["https:\/\/www.lindforsarkitekt.se\/wp-content\/uploads\/2024\/08\/Thumb-Skara.jpg",827,827,false],"inspiro-loop":["https:\/\/www.lindforsarkitekt.se\/wp-content\/uploads\/2024\/08\/Thumb-Skara-827x320.jpg",827,320,true],"inspiro-loop@2x":["https:\/\/www.lindforsarkitekt.se\/wp-content\/uploads\/2024\/08\/Thumb-Skara-827x640.jpg",827,640,true],"portfolio_item-thumbnail":["https:\/\/www.lindforsarkitekt.se\/wp-content\/uploads\/2024\/08\/Thumb-Skara-600x400.jpg",600,400,true],"portfolio_item-thumbnail@2x":["https:\/\/www.lindforsarkitekt.se\/wp-content\/uploads\/2024\/08\/Thumb-Skara-827x800.jpg",827,800,true],"portfolio_item-masonry":["https:\/\/www.lindforsarkitekt.se\/wp-content\/uploads\/2024\/08\/Thumb-Skara-600x600.jpg",600,600,true],"portfolio_item-masonry@2x":["https:\/\/www.lindforsarkitekt.se\/wp-content\/uploads\/2024\/08\/Thumb-Skara.jpg",827,827,false],"portfolio_item-thumbnail_cinema":["https:\/\/www.lindforsarkitekt.se\/wp-content\/uploads\/2024\/08\/Thumb-Skara-800x335.jpg",800,335,true],"portfolio_item-thumbnail_portrait":["https:\/\/www.lindforsarkitekt.se\/wp-content\/uploads\/2024\/08\/Thumb-Skara-600x827.jpg",600,827,true],"portfolio_item-thumbnail_portrait@2x":["https:\/\/www.lindforsarkitekt.se\/wp-content\/uploads\/2024\/08\/Thumb-Skara.jpg",827,827,false],"portfolio_item-thumbnail_square":["https:\/\/www.lindforsarkitekt.se\/wp-content\/uploads\/2024\/08\/Thumb-Skara-800x800.jpg",800,800,true]},"_links":{"self":[{"href":"https:\/\/www.lindforsarkitekt.se\/index.php?rest_route=\/wp\/v2\/pages\/294","targetHints":{"allow":["GET"]}}],"collection":[{"href":"https:\/\/www.lindforsarkitekt.se\/index.php?rest_route=\/wp\/v2\/pages"}],"about":[{"href":"https:\/\/www.lindforsarkitekt.se\/index.php?rest_route=\/wp\/v2\/types\/page"}],"author":[{"embeddable":true,"href":"https:\/\/www.lindforsarkitekt.se\/index.php?rest_route=\/wp\/v2\/users\/1"}],"replies":[{"embeddable":true,"href":"https:\/\/www.lindforsarkitekt.se\/index.php?rest_route=%2Fwp%2Fv2%2Fcomments&post=294"}],"version-history":[{"count":4,"href":"https:\/\/www.lindforsarkitekt.se\/index.php?rest_route=\/wp\/v2\/pages\/294\/revisions"}],"predecessor-version":[{"id":331,"href":"https:\/\/www.lindforsarkitekt.se\/index.php?rest_route=\/wp\/v2\/pages\/294\/revisions\/331"}],"wp:featuredmedia":[{"embeddable":true,"href":"https:\/\/www.lindforsarkitekt.se\/index.php?rest_route=\/wp\/v2\/media\/548"}],"wp:attachment":[{"href":"https:\/\/www.lindforsarkitekt.se\/index.php?rest_route=%2Fwp%2Fv2%2Fmedia&parent=294"}],"curies":[{"name":"wp","href":"https:\/\/api.w.org\/{rel}","templated":true}]}}