{"id":199,"date":"2024-08-26T15:23:56","date_gmt":"2024-08-26T13:23:56","guid":{"rendered":"https:\/\/www.lindforsarkitekt.se\/?page_id=199"},"modified":"2026-04-28T15:54:05","modified_gmt":"2026-04-28T13:54:05","slug":"kontor","status":"publish","type":"page","link":"https:\/\/www.lindforsarkitekt.se\/?page_id=199","title":{"rendered":"Kontor"},"content":{"rendered":"\n<p>Lindfors Arkitektkontor har l\u00e5ng erfarenhet av lokalanpassningar och ombyggnader av kontor i skiftande milj\u00f6er; gamla och moderna<br>kontorsfastigheter i skiftande milj\u00f6er f\u00f6r m\u00e5nga olika fastighets\u00e4gare. Vi arbetar b\u00e5de med lokalplanering, byggnation och inredningar. Vi fokuserar p\u00e5 att skapa effektiva kontorslokaler som p\u00e5 b\u00e4sta s\u00e4tt st\u00f6djer den verksamhet som skall bedrivas i lokalen, kombinerat<br>med flexibilitet f\u00f6r f\u00f6r\u00e4ndrade behov.<\/p>\n\n\n\n<figure class=\"wp-block-gallery has-nested-images columns-default is-cropped wp-block-gallery-1 is-layout-flex wp-block-gallery-is-layout-flex\">\n<figure class=\"wp-block-image size-large\"><a href=\"https:\/\/www.lindforsarkitekt.se\/?page_id=294\"><img loading=\"lazy\" decoding=\"async\" width=\"827\" height=\"827\" data-id=\"551\" src=\"https:\/\/www.lindforsarkitekt.se\/wp-content\/uploads\/2024\/08\/Thumb-Skara-1.jpg\" alt=\"\" class=\"wp-image-551\" srcset=\"https:\/\/www.lindforsarkitekt.se\/wp-content\/uploads\/2024\/08\/Thumb-Skara-1.jpg 827w, https:\/\/www.lindforsarkitekt.se\/wp-content\/uploads\/2024\/08\/Thumb-Skara-1-300x300.jpg 300w, https:\/\/www.lindforsarkitekt.se\/wp-content\/uploads\/2024\/08\/Thumb-Skara-1-150x150.jpg 150w\" sizes=\"auto, (max-width: 827px) 100vw, 827px\" \/><\/a><\/figure>\n\n\n\n<figure class=\"wp-block-image size-large\"><a href=\"https:\/\/www.lindforsarkitekt.se\/?page_id=294\"><img loading=\"lazy\" decoding=\"async\" width=\"1024\" height=\"682\" data-id=\"56\" src=\"https:\/\/www.lindforsarkitekt.se\/wp-content\/uploads\/2024\/08\/Anlita_arkitekt_Lindfors_Skara_2-1024x682.jpg\" alt=\"\" class=\"wp-image-56\" srcset=\"https:\/\/www.lindforsarkitekt.se\/wp-content\/uploads\/2024\/08\/Anlita_arkitekt_Lindfors_Skara_2-1024x682.jpg 1024w, https:\/\/www.lindforsarkitekt.se\/wp-content\/uploads\/2024\/08\/Anlita_arkitekt_Lindfors_Skara_2-300x200.jpg 300w, https:\/\/www.lindforsarkitekt.se\/wp-content\/uploads\/2024\/08\/Anlita_arkitekt_Lindfors_Skara_2-768x512.jpg 768w, https:\/\/www.lindforsarkitekt.se\/wp-content\/uploads\/2024\/08\/Anlita_arkitekt_Lindfors_Skara_2-1536x1024.jpg 1536w, https:\/\/www.lindforsarkitekt.se\/wp-content\/uploads\/2024\/08\/Anlita_arkitekt_Lindfors_Skara_2.jpg 2000w\" sizes=\"auto, (max-width: 1024px) 100vw, 1024px\" \/><\/a><\/figure>\n\n\n\n<figure class=\"wp-block-image size-large\"><a href=\"https:\/\/www.lindforsarkitekt.se\/?page_id=294\"><img loading=\"lazy\" decoding=\"async\" width=\"1024\" height=\"781\" data-id=\"57\" src=\"https:\/\/www.lindforsarkitekt.se\/wp-content\/uploads\/2024\/08\/Anlita_arkitekt_Lindfors_Skara_3-1024x781.jpg\" alt=\"\" class=\"wp-image-57\" srcset=\"https:\/\/www.lindforsarkitekt.se\/wp-content\/uploads\/2024\/08\/Anlita_arkitekt_Lindfors_Skara_3-1024x781.jpg 1024w, https:\/\/www.lindforsarkitekt.se\/wp-content\/uploads\/2024\/08\/Anlita_arkitekt_Lindfors_Skara_3-300x229.jpg 300w, https:\/\/www.lindforsarkitekt.se\/wp-content\/uploads\/2024\/08\/Anlita_arkitekt_Lindfors_Skara_3-768x586.jpg 768w, https:\/\/www.lindforsarkitekt.se\/wp-content\/uploads\/2024\/08\/Anlita_arkitekt_Lindfors_Skara_3-1536x1171.jpg 1536w, https:\/\/www.lindforsarkitekt.se\/wp-content\/uploads\/2024\/08\/Anlita_arkitekt_Lindfors_Skara_3.jpg 1907w\" sizes=\"auto, (max-width: 1024px) 100vw, 1024px\" \/><\/a><\/figure>\n\n\n\n<figure class=\"wp-block-image size-large\"><a href=\"https:\/\/www.lindforsarkitekt.se\/?page_id=507\"><img loading=\"lazy\" decoding=\"async\" width=\"1024\" height=\"768\" data-id=\"783\" src=\"https:\/\/www.lindforsarkitekt.se\/wp-content\/uploads\/2026\/04\/IMG_5209-1024x768.jpg\" alt=\"\" class=\"wp-image-783\" srcset=\"https:\/\/www.lindforsarkitekt.se\/wp-content\/uploads\/2026\/04\/IMG_5209-1024x768.jpg 1024w, https:\/\/www.lindforsarkitekt.se\/wp-content\/uploads\/2026\/04\/IMG_5209-300x225.jpg 300w, https:\/\/www.lindforsarkitekt.se\/wp-content\/uploads\/2026\/04\/IMG_5209-2000x1500.jpg 2000w\" sizes=\"auto, (max-width: 1024px) 100vw, 1024px\" \/><\/a><\/figure>\n\n\n\n<figure class=\"wp-block-image size-large\"><a href=\"https:\/\/www.lindforsarkitekt.se\/?page_id=507\"><img loading=\"lazy\" decoding=\"async\" width=\"1024\" height=\"768\" data-id=\"786\" src=\"https:\/\/www.lindforsarkitekt.se\/wp-content\/uploads\/2026\/04\/IMG_5211-1024x768.jpg\" alt=\"\" class=\"wp-image-786\" srcset=\"https:\/\/www.lindforsarkitekt.se\/wp-content\/uploads\/2026\/04\/IMG_5211-1024x768.jpg 1024w, https:\/\/www.lindforsarkitekt.se\/wp-content\/uploads\/2026\/04\/IMG_5211-300x225.jpg 300w, https:\/\/www.lindforsarkitekt.se\/wp-content\/uploads\/2026\/04\/IMG_5211-2000x1500.jpg 2000w\" sizes=\"auto, (max-width: 1024px) 100vw, 1024px\" \/><\/a><\/figure>\n\n\n\n<figure class=\"wp-block-image size-large\"><a href=\"https:\/\/www.lindforsarkitekt.se\/?page_id=507\"><img loading=\"lazy\" decoding=\"async\" width=\"1024\" height=\"768\" data-id=\"789\" src=\"https:\/\/www.lindforsarkitekt.se\/wp-content\/uploads\/2026\/04\/IMG_5207-1024x768.jpg\" alt=\"\" class=\"wp-image-789\" srcset=\"https:\/\/www.lindforsarkitekt.se\/wp-content\/uploads\/2026\/04\/IMG_5207-1024x768.jpg 1024w, https:\/\/www.lindforsarkitekt.se\/wp-content\/uploads\/2026\/04\/IMG_5207-300x225.jpg 300w, https:\/\/www.lindforsarkitekt.se\/wp-content\/uploads\/2026\/04\/IMG_5207-2000x1500.jpg 2000w\" sizes=\"auto, (max-width: 1024px) 100vw, 1024px\" \/><\/a><\/figure>\n\n\n\n<figure class=\"wp-block-image size-large\"><a href=\"https:\/\/www.lindforsarkitekt.se\/?page_id=332\"><img loading=\"lazy\" decoding=\"async\" width=\"1024\" height=\"768\" data-id=\"206\" src=\"https:\/\/www.lindforsarkitekt.se\/wp-content\/uploads\/2024\/08\/IMG_9875-1024x768.jpg\" alt=\"\" class=\"wp-image-206\" srcset=\"https:\/\/www.lindforsarkitekt.se\/wp-content\/uploads\/2024\/08\/IMG_9875-1024x768.jpg 1024w, https:\/\/www.lindforsarkitekt.se\/wp-content\/uploads\/2024\/08\/IMG_9875-300x225.jpg 300w, https:\/\/www.lindforsarkitekt.se\/wp-content\/uploads\/2024\/08\/IMG_9875-768x576.jpg 768w, https:\/\/www.lindforsarkitekt.se\/wp-content\/uploads\/2024\/08\/IMG_9875-1536x1152.jpg 1536w, https:\/\/www.lindforsarkitekt.se\/wp-content\/uploads\/2024\/08\/IMG_9875-2048x1536.jpg 2048w, https:\/\/www.lindforsarkitekt.se\/wp-content\/uploads\/2024\/08\/IMG_9875-600x450.jpg 600w, https:\/\/www.lindforsarkitekt.se\/wp-content\/uploads\/2024\/08\/IMG_9875-1200x900.jpg 1200w\" sizes=\"auto, (max-width: 1024px) 100vw, 1024px\" \/><\/a><\/figure>\n\n\n\n<figure class=\"wp-block-image size-large\"><a href=\"https:\/\/www.lindforsarkitekt.se\/?page_id=332\"><img loading=\"lazy\" decoding=\"async\" width=\"1024\" height=\"768\" data-id=\"205\" src=\"https:\/\/www.lindforsarkitekt.se\/wp-content\/uploads\/2024\/08\/IMG_1232-1024x768.jpg\" alt=\"\" class=\"wp-image-205\" srcset=\"https:\/\/www.lindforsarkitekt.se\/wp-content\/uploads\/2024\/08\/IMG_1232-1024x768.jpg 1024w, https:\/\/www.lindforsarkitekt.se\/wp-content\/uploads\/2024\/08\/IMG_1232-300x225.jpg 300w, https:\/\/www.lindforsarkitekt.se\/wp-content\/uploads\/2024\/08\/IMG_1232-768x576.jpg 768w, https:\/\/www.lindforsarkitekt.se\/wp-content\/uploads\/2024\/08\/IMG_1232-1536x1152.jpg 1536w, https:\/\/www.lindforsarkitekt.se\/wp-content\/uploads\/2024\/08\/IMG_1232-2048x1536.jpg 2048w, https:\/\/www.lindforsarkitekt.se\/wp-content\/uploads\/2024\/08\/IMG_1232-600x450.jpg 600w, https:\/\/www.lindforsarkitekt.se\/wp-content\/uploads\/2024\/08\/IMG_1232-1200x900.jpg 1200w, https:\/\/www.lindforsarkitekt.se\/wp-content\/uploads\/2024\/08\/IMG_1232-scaled-2000x1500.jpg 2000w\" sizes=\"auto, (max-width: 1024px) 100vw, 1024px\" \/><\/a><\/figure>\n\n\n\n<figure class=\"wp-block-image size-large\"><a href=\"https:\/\/www.lindforsarkitekt.se\/?page_id=507\"><img loading=\"lazy\" decoding=\"async\" width=\"700\" height=\"467\" data-id=\"355\" src=\"https:\/\/www.lindforsarkitekt.se\/wp-content\/uploads\/2024\/08\/travagg.jpg\" alt=\"\" class=\"wp-image-355\" srcset=\"https:\/\/www.lindforsarkitekt.se\/wp-content\/uploads\/2024\/08\/travagg.jpg 700w, https:\/\/www.lindforsarkitekt.se\/wp-content\/uploads\/2024\/08\/travagg-300x200.jpg 300w, https:\/\/www.lindforsarkitekt.se\/wp-content\/uploads\/2024\/08\/travagg-600x400.jpg 600w\" sizes=\"auto, (max-width: 700px) 100vw, 700px\" \/><\/a><\/figure>\n\n\n\n<figure class=\"wp-block-image size-large\"><img loading=\"lazy\" decoding=\"async\" width=\"1024\" height=\"768\" data-id=\"814\" src=\"https:\/\/www.lindforsarkitekt.se\/wp-content\/uploads\/2026\/04\/IMG_6376-1024x768.jpg\" alt=\"\" class=\"wp-image-814\" srcset=\"https:\/\/www.lindforsarkitekt.se\/wp-content\/uploads\/2026\/04\/IMG_6376-1024x768.jpg 1024w, https:\/\/www.lindforsarkitekt.se\/wp-content\/uploads\/2026\/04\/IMG_6376-300x225.jpg 300w, https:\/\/www.lindforsarkitekt.se\/wp-content\/uploads\/2026\/04\/IMG_6376-2000x1500.jpg 2000w, https:\/\/www.lindforsarkitekt.se\/wp-content\/uploads\/2026\/04\/IMG_6376-1536x1152.jpg 1536w, https:\/\/www.lindforsarkitekt.se\/wp-content\/uploads\/2026\/04\/IMG_6376-2048x1536.jpg 2048w, https:\/\/www.lindforsarkitekt.se\/wp-content\/uploads\/2026\/04\/IMG_6376-600x450.jpg 600w, https:\/\/www.lindforsarkitekt.se\/wp-content\/uploads\/2026\/04\/IMG_6376-1200x900.jpg 1200w\" sizes=\"auto, (max-width: 1024px) 100vw, 1024px\" \/><figcaption class=\"wp-element-caption\">G\u00f6teborg Energi Backa<\/figcaption><\/figure>\n\n\n\n<figure class=\"wp-block-image size-large\"><img loading=\"lazy\" decoding=\"async\" width=\"1024\" height=\"768\" data-id=\"817\" src=\"https:\/\/www.lindforsarkitekt.se\/wp-content\/uploads\/2026\/04\/IMG_6379-1-1024x768.jpg\" alt=\"\" class=\"wp-image-817\" srcset=\"https:\/\/www.lindforsarkitekt.se\/wp-content\/uploads\/2026\/04\/IMG_6379-1-1024x768.jpg 1024w, https:\/\/www.lindforsarkitekt.se\/wp-content\/uploads\/2026\/04\/IMG_6379-1-300x225.jpg 300w, https:\/\/www.lindforsarkitekt.se\/wp-content\/uploads\/2026\/04\/IMG_6379-1-2000x1500.jpg 2000w\" sizes=\"auto, (max-width: 1024px) 100vw, 1024px\" \/><figcaption class=\"wp-element-caption\">G\u00f6teborg Energi Backa<\/figcaption><\/figure>\n\n\n\n<figure class=\"wp-block-image size-large\"><img loading=\"lazy\" decoding=\"async\" width=\"1024\" height=\"768\" data-id=\"818\" src=\"https:\/\/www.lindforsarkitekt.se\/wp-content\/uploads\/2026\/04\/IMG_6343-1-1024x768.jpg\" alt=\"\" class=\"wp-image-818\" srcset=\"https:\/\/www.lindforsarkitekt.se\/wp-content\/uploads\/2026\/04\/IMG_6343-1-1024x768.jpg 1024w, https:\/\/www.lindforsarkitekt.se\/wp-content\/uploads\/2026\/04\/IMG_6343-1-300x225.jpg 300w, https:\/\/www.lindforsarkitekt.se\/wp-content\/uploads\/2026\/04\/IMG_6343-1-2000x1500.jpg 2000w\" sizes=\"auto, (max-width: 1024px) 100vw, 1024px\" \/><figcaption class=\"wp-element-caption\">G\u00f6teborg Energi Backa<\/figcaption><\/figure>\n\n\n\n<figure class=\"wp-block-image size-large\"><img loading=\"lazy\" decoding=\"async\" width=\"1024\" height=\"768\" data-id=\"821\" src=\"https:\/\/www.lindforsarkitekt.se\/wp-content\/uploads\/2026\/04\/IMG_6350-1024x768.jpg\" alt=\"\" class=\"wp-image-821\" srcset=\"https:\/\/www.lindforsarkitekt.se\/wp-content\/uploads\/2026\/04\/IMG_6350-1024x768.jpg 1024w, https:\/\/www.lindforsarkitekt.se\/wp-content\/uploads\/2026\/04\/IMG_6350-300x225.jpg 300w, https:\/\/www.lindforsarkitekt.se\/wp-content\/uploads\/2026\/04\/IMG_6350-2000x1500.jpg 2000w\" sizes=\"auto, (max-width: 1024px) 100vw, 1024px\" \/><figcaption class=\"wp-element-caption\">G\u00f6teborg Energi Backa<\/figcaption><\/figure>\n\n\n\n<figure class=\"wp-block-image size-large\"><img loading=\"lazy\" decoding=\"async\" width=\"1024\" height=\"768\" data-id=\"822\" src=\"https:\/\/www.lindforsarkitekt.se\/wp-content\/uploads\/2026\/04\/IMG_6357-1-1024x768.jpg\" alt=\"\" class=\"wp-image-822\" srcset=\"https:\/\/www.lindforsarkitekt.se\/wp-content\/uploads\/2026\/04\/IMG_6357-1-1024x768.jpg 1024w, https:\/\/www.lindforsarkitekt.se\/wp-content\/uploads\/2026\/04\/IMG_6357-1-300x225.jpg 300w, https:\/\/www.lindforsarkitekt.se\/wp-content\/uploads\/2026\/04\/IMG_6357-1-2000x1500.jpg 2000w\" sizes=\"auto, (max-width: 1024px) 100vw, 1024px\" \/><figcaption class=\"wp-element-caption\">G\u00f6teborg Energi Backa<\/figcaption><\/figure>\n\n\n\n<figure class=\"wp-block-image size-large\"><img loading=\"lazy\" decoding=\"async\" width=\"768\" height=\"1024\" data-id=\"823\" src=\"https:\/\/www.lindforsarkitekt.se\/wp-content\/uploads\/2026\/04\/IMG_6352-768x1024.jpg\" alt=\"\" class=\"wp-image-823\" srcset=\"https:\/\/www.lindforsarkitekt.se\/wp-content\/uploads\/2026\/04\/IMG_6352-768x1024.jpg 768w, https:\/\/www.lindforsarkitekt.se\/wp-content\/uploads\/2026\/04\/IMG_6352-225x300.jpg 225w, https:\/\/www.lindforsarkitekt.se\/wp-content\/uploads\/2026\/04\/IMG_6352.jpg 1920w\" sizes=\"auto, (max-width: 768px) 100vw, 768px\" \/><figcaption class=\"wp-element-caption\">G\u00f6teborg Energi Backa<\/figcaption><\/figure>\n<\/figure>\n\n\n\n<figure class=\"wp-block-gallery has-nested-images columns-default is-cropped wp-block-gallery-2 is-layout-flex wp-block-gallery-is-layout-flex\"><\/figure>\n","protected":false},"excerpt":{"rendered":"<p>Lindfors Arkitektkontor har l\u00e5ng erfarenhet av lokalanpassningar och ombyggnader av kontor i skiftande milj\u00f6er; gamla och modernakontorsfastigheter i skiftande milj\u00f6er f\u00f6r m\u00e5nga olika fastighets\u00e4gare. Vi arbetar b\u00e5de med lokalplanering, byggnation och inredningar. Vi fokuserar p\u00e5 att skapa effektiva kontorslokaler som p\u00e5 b\u00e4sta s\u00e4tt st\u00f6djer den verksamhet som skall bedrivas i lokalen, kombineratmed flexibilitet f\u00f6r f\u00f6r\u00e4ndrade &hellip; <\/p>\n<p class=\"link-more\"><a href=\"https:\/\/www.lindforsarkitekt.se\/?page_id=199\" class=\"more-link\">L\u00e4s mer<span class=\"screen-reader-text\"> \u201dKontor\u201d<\/span><\/a><\/p>\n","protected":false},"author":1,"featured_media":814,"parent":0,"menu_order":0,"comment_status":"closed","ping_status":"closed","template":"","meta":{"_monsterinsights_skip_tracking":false,"_monsterinsights_sitenote_active":false,"_monsterinsights_sitenote_note":"","_monsterinsights_sitenote_category":0,"footnotes":""},"class_list":["post-199","page","type-page","status-publish","has-post-thumbnail","hentry"],"yoast_head":"<!-- This site is optimized with the Yoast SEO plugin v27.5 - https:\/\/yoast.com\/product\/yoast-seo-wordpress\/ -->\n<title>Kontor - Lindfors Arkitektkontor AB<\/title>\n<meta name=\"description\" content=\"Kontor\" \/>\n<meta name=\"robots\" content=\"index, follow, max-snippet:-1, max-image-preview:large, max-video-preview:-1\" \/>\n<link rel=\"canonical\" href=\"https:\/\/www.lindforsarkitekt.se\/?page_id=199\" \/>\n<meta property=\"og:locale\" content=\"sv_SE\" \/>\n<meta property=\"og:type\" content=\"article\" \/>\n<meta property=\"og:title\" content=\"Kontor - Lindfors Arkitektkontor AB\" \/>\n<meta property=\"og:description\" content=\"Kontor\" \/>\n<meta property=\"og:url\" content=\"https:\/\/www.lindforsarkitekt.se\/?page_id=199\" \/>\n<meta property=\"og:site_name\" content=\"Lindfors Arkitektkontor AB\" \/>\n<meta property=\"article:modified_time\" content=\"2026-04-28T13:54:05+00:00\" \/>\n<meta property=\"og:image\" content=\"https:\/\/www.lindforsarkitekt.se\/wp-content\/uploads\/2026\/04\/IMG_6376.jpg\" \/>\n\t<meta property=\"og:image:width\" content=\"2560\" \/>\n\t<meta property=\"og:image:height\" content=\"1920\" \/>\n\t<meta property=\"og:image:type\" content=\"image\/jpeg\" \/>\n<meta name=\"twitter:card\" content=\"summary_large_image\" \/>\n<meta name=\"twitter:label1\" content=\"Ber\u00e4knad l\u00e4stid\" \/>\n\t<meta name=\"twitter:data1\" content=\"4 minuter\" \/>\n<script type=\"application\/ld+json\" class=\"yoast-schema-graph\">{\"@context\":\"https:\\\/\\\/schema.org\",\"@graph\":[{\"@type\":\"WebPage\",\"@id\":\"https:\\\/\\\/www.lindforsarkitekt.se\\\/?page_id=199\",\"url\":\"https:\\\/\\\/www.lindforsarkitekt.se\\\/?page_id=199\",\"name\":\"Kontor - Lindfors Arkitektkontor AB\",\"isPartOf\":{\"@id\":\"https:\\\/\\\/www.lindforsarkitekt.se\\\/#website\"},\"primaryImageOfPage\":{\"@id\":\"https:\\\/\\\/www.lindforsarkitekt.se\\\/?page_id=199#primaryimage\"},\"image\":{\"@id\":\"https:\\\/\\\/www.lindforsarkitekt.se\\\/?page_id=199#primaryimage\"},\"thumbnailUrl\":\"https:\\\/\\\/www.lindforsarkitekt.se\\\/wp-content\\\/uploads\\\/2026\\\/04\\\/IMG_6376.jpg\",\"datePublished\":\"2024-08-26T13:23:56+00:00\",\"dateModified\":\"2026-04-28T13:54:05+00:00\",\"description\":\"Kontor\",\"breadcrumb\":{\"@id\":\"https:\\\/\\\/www.lindforsarkitekt.se\\\/?page_id=199#breadcrumb\"},\"inLanguage\":\"sv-SE\",\"potentialAction\":[{\"@type\":\"ReadAction\",\"target\":[\"https:\\\/\\\/www.lindforsarkitekt.se\\\/?page_id=199\"]}]},{\"@type\":\"ImageObject\",\"inLanguage\":\"sv-SE\",\"@id\":\"https:\\\/\\\/www.lindforsarkitekt.se\\\/?page_id=199#primaryimage\",\"url\":\"https:\\\/\\\/www.lindforsarkitekt.se\\\/wp-content\\\/uploads\\\/2026\\\/04\\\/IMG_6376.jpg\",\"contentUrl\":\"https:\\\/\\\/www.lindforsarkitekt.se\\\/wp-content\\\/uploads\\\/2026\\\/04\\\/IMG_6376.jpg\",\"width\":2560,\"height\":1920},{\"@type\":\"BreadcrumbList\",\"@id\":\"https:\\\/\\\/www.lindforsarkitekt.se\\\/?page_id=199#breadcrumb\",\"itemListElement\":[{\"@type\":\"ListItem\",\"position\":1,\"name\":\"Home\",\"item\":\"https:\\\/\\\/www.lindforsarkitekt.se\\\/\"},{\"@type\":\"ListItem\",\"position\":2,\"name\":\"Kontor\"}]},{\"@type\":\"WebSite\",\"@id\":\"https:\\\/\\\/www.lindforsarkitekt.se\\\/#website\",\"url\":\"https:\\\/\\\/www.lindforsarkitekt.se\\\/\",\"name\":\"Lindfors Arkitektkontor AB\",\"description\":\"\",\"publisher\":{\"@id\":\"https:\\\/\\\/www.lindforsarkitekt.se\\\/#organization\"},\"potentialAction\":[{\"@type\":\"SearchAction\",\"target\":{\"@type\":\"EntryPoint\",\"urlTemplate\":\"https:\\\/\\\/www.lindforsarkitekt.se\\\/?s={search_term_string}\"},\"query-input\":{\"@type\":\"PropertyValueSpecification\",\"valueRequired\":true,\"valueName\":\"search_term_string\"}}],\"inLanguage\":\"sv-SE\"},{\"@type\":\"Organization\",\"@id\":\"https:\\\/\\\/www.lindforsarkitekt.se\\\/#organization\",\"name\":\"Lindfors Arkitektkontor AB\",\"url\":\"https:\\\/\\\/www.lindforsarkitekt.se\\\/\",\"logo\":{\"@type\":\"ImageObject\",\"inLanguage\":\"sv-SE\",\"@id\":\"https:\\\/\\\/www.lindforsarkitekt.se\\\/#\\\/schema\\\/logo\\\/image\\\/\",\"url\":\"https:\\\/\\\/www.lindforsarkitekt.se\\\/wp-content\\\/uploads\\\/2024\\\/08\\\/Lindfors-logo_vit_utan-linje.png\",\"contentUrl\":\"https:\\\/\\\/www.lindforsarkitekt.se\\\/wp-content\\\/uploads\\\/2024\\\/08\\\/Lindfors-logo_vit_utan-linje.png\",\"width\":5942,\"height\":1226,\"caption\":\"Lindfors Arkitektkontor AB\"},\"image\":{\"@id\":\"https:\\\/\\\/www.lindforsarkitekt.se\\\/#\\\/schema\\\/logo\\\/image\\\/\"}}]}<\/script>\n<!-- \/ Yoast SEO plugin. -->","yoast_head_json":{"title":"Kontor - Lindfors Arkitektkontor AB","description":"Kontor","robots":{"index":"index","follow":"follow","max-snippet":"max-snippet:-1","max-image-preview":"max-image-preview:large","max-video-preview":"max-video-preview:-1"},"canonical":"https:\/\/www.lindforsarkitekt.se\/?page_id=199","og_locale":"sv_SE","og_type":"article","og_title":"Kontor - Lindfors Arkitektkontor AB","og_description":"Kontor","og_url":"https:\/\/www.lindforsarkitekt.se\/?page_id=199","og_site_name":"Lindfors Arkitektkontor AB","article_modified_time":"2026-04-28T13:54:05+00:00","og_image":[{"width":2560,"height":1920,"url":"https:\/\/www.lindforsarkitekt.se\/wp-content\/uploads\/2026\/04\/IMG_6376.jpg","type":"image\/jpeg"}],"twitter_card":"summary_large_image","twitter_misc":{"Ber\u00e4knad l\u00e4stid":"4 minuter"},"schema":{"@context":"https:\/\/schema.org","@graph":[{"@type":"WebPage","@id":"https:\/\/www.lindforsarkitekt.se\/?page_id=199","url":"https:\/\/www.lindforsarkitekt.se\/?page_id=199","name":"Kontor - Lindfors Arkitektkontor AB","isPartOf":{"@id":"https:\/\/www.lindforsarkitekt.se\/#website"},"primaryImageOfPage":{"@id":"https:\/\/www.lindforsarkitekt.se\/?page_id=199#primaryimage"},"image":{"@id":"https:\/\/www.lindforsarkitekt.se\/?page_id=199#primaryimage"},"thumbnailUrl":"https:\/\/www.lindforsarkitekt.se\/wp-content\/uploads\/2026\/04\/IMG_6376.jpg","datePublished":"2024-08-26T13:23:56+00:00","dateModified":"2026-04-28T13:54:05+00:00","description":"Kontor","breadcrumb":{"@id":"https:\/\/www.lindforsarkitekt.se\/?page_id=199#breadcrumb"},"inLanguage":"sv-SE","potentialAction":[{"@type":"ReadAction","target":["https:\/\/www.lindforsarkitekt.se\/?page_id=199"]}]},{"@type":"ImageObject","inLanguage":"sv-SE","@id":"https:\/\/www.lindforsarkitekt.se\/?page_id=199#primaryimage","url":"https:\/\/www.lindforsarkitekt.se\/wp-content\/uploads\/2026\/04\/IMG_6376.jpg","contentUrl":"https:\/\/www.lindforsarkitekt.se\/wp-content\/uploads\/2026\/04\/IMG_6376.jpg","width":2560,"height":1920},{"@type":"BreadcrumbList","@id":"https:\/\/www.lindforsarkitekt.se\/?page_id=199#breadcrumb","itemListElement":[{"@type":"ListItem","position":1,"name":"Home","item":"https:\/\/www.lindforsarkitekt.se\/"},{"@type":"ListItem","position":2,"name":"Kontor"}]},{"@type":"WebSite","@id":"https:\/\/www.lindforsarkitekt.se\/#website","url":"https:\/\/www.lindforsarkitekt.se\/","name":"Lindfors Arkitektkontor AB","description":"","publisher":{"@id":"https:\/\/www.lindforsarkitekt.se\/#organization"},"potentialAction":[{"@type":"SearchAction","target":{"@type":"EntryPoint","urlTemplate":"https:\/\/www.lindforsarkitekt.se\/?s={search_term_string}"},"query-input":{"@type":"PropertyValueSpecification","valueRequired":true,"valueName":"search_term_string"}}],"inLanguage":"sv-SE"},{"@type":"Organization","@id":"https:\/\/www.lindforsarkitekt.se\/#organization","name":"Lindfors Arkitektkontor AB","url":"https:\/\/www.lindforsarkitekt.se\/","logo":{"@type":"ImageObject","inLanguage":"sv-SE","@id":"https:\/\/www.lindforsarkitekt.se\/#\/schema\/logo\/image\/","url":"https:\/\/www.lindforsarkitekt.se\/wp-content\/uploads\/2024\/08\/Lindfors-logo_vit_utan-linje.png","contentUrl":"https:\/\/www.lindforsarkitekt.se\/wp-content\/uploads\/2024\/08\/Lindfors-logo_vit_utan-linje.png","width":5942,"height":1226,"caption":"Lindfors Arkitektkontor AB"},"image":{"@id":"https:\/\/www.lindforsarkitekt.se\/#\/schema\/logo\/image\/"}}]}},"featured_media_urls":{"thumbnail":["https:\/\/www.lindforsarkitekt.se\/wp-content\/uploads\/2026\/04\/IMG_6376-150x150.jpg",150,150,true],"medium":["https:\/\/www.lindforsarkitekt.se\/wp-content\/uploads\/2026\/04\/IMG_6376-300x225.jpg",300,225,true],"medium_large":["https:\/\/www.lindforsarkitekt.se\/wp-content\/uploads\/2026\/04\/IMG_6376.jpg",768,576,false],"large":["https:\/\/www.lindforsarkitekt.se\/wp-content\/uploads\/2026\/04\/IMG_6376-1024x768.jpg",950,713,true],"1536x1536":["https:\/\/www.lindforsarkitekt.se\/wp-content\/uploads\/2026\/04\/IMG_6376-1536x1152.jpg",1536,1152,true],"2048x2048":["https:\/\/www.lindforsarkitekt.se\/wp-content\/uploads\/2026\/04\/IMG_6376-2048x1536.jpg",2048,1536,true],"inspiro-featured-image":["https:\/\/www.lindforsarkitekt.se\/wp-content\/uploads\/2026\/04\/IMG_6376-2000x1500.jpg",2000,1500,true],"inspiro-loop":["https:\/\/www.lindforsarkitekt.se\/wp-content\/uploads\/2026\/04\/IMG_6376-950x320.jpg",950,320,true],"inspiro-loop@2x":["https:\/\/www.lindforsarkitekt.se\/wp-content\/uploads\/2026\/04\/IMG_6376-1900x640.jpg",1900,640,true],"portfolio_item-thumbnail":["https:\/\/www.lindforsarkitekt.se\/wp-content\/uploads\/2026\/04\/IMG_6376-600x400.jpg",600,400,true],"portfolio_item-thumbnail@2x":["https:\/\/www.lindforsarkitekt.se\/wp-content\/uploads\/2026\/04\/IMG_6376-1200x800.jpg",1200,800,true],"portfolio_item-masonry":["https:\/\/www.lindforsarkitekt.se\/wp-content\/uploads\/2026\/04\/IMG_6376-600x450.jpg",600,450,true],"portfolio_item-masonry@2x":["https:\/\/www.lindforsarkitekt.se\/wp-content\/uploads\/2026\/04\/IMG_6376-1200x900.jpg",1200,900,true],"portfolio_item-thumbnail_cinema":["https:\/\/www.lindforsarkitekt.se\/wp-content\/uploads\/2026\/04\/IMG_6376-800x335.jpg",800,335,true],"portfolio_item-thumbnail_portrait":["https:\/\/www.lindforsarkitekt.se\/wp-content\/uploads\/2026\/04\/IMG_6376-600x900.jpg",600,900,true],"portfolio_item-thumbnail_portrait@2x":["https:\/\/www.lindforsarkitekt.se\/wp-content\/uploads\/2026\/04\/IMG_6376-1200x1800.jpg",1200,1800,true],"portfolio_item-thumbnail_square":["https:\/\/www.lindforsarkitekt.se\/wp-content\/uploads\/2026\/04\/IMG_6376-800x800.jpg",800,800,true]},"_links":{"self":[{"href":"https:\/\/www.lindforsarkitekt.se\/index.php?rest_route=\/wp\/v2\/pages\/199","targetHints":{"allow":["GET"]}}],"collection":[{"href":"https:\/\/www.lindforsarkitekt.se\/index.php?rest_route=\/wp\/v2\/pages"}],"about":[{"href":"https:\/\/www.lindforsarkitekt.se\/index.php?rest_route=\/wp\/v2\/types\/page"}],"author":[{"embeddable":true,"href":"https:\/\/www.lindforsarkitekt.se\/index.php?rest_route=\/wp\/v2\/users\/1"}],"replies":[{"embeddable":true,"href":"https:\/\/www.lindforsarkitekt.se\/index.php?rest_route=%2Fwp%2Fv2%2Fcomments&post=199"}],"version-history":[{"count":5,"href":"https:\/\/www.lindforsarkitekt.se\/index.php?rest_route=\/wp\/v2\/pages\/199\/revisions"}],"predecessor-version":[{"id":931,"href":"https:\/\/www.lindforsarkitekt.se\/index.php?rest_route=\/wp\/v2\/pages\/199\/revisions\/931"}],"wp:featuredmedia":[{"embeddable":true,"href":"https:\/\/www.lindforsarkitekt.se\/index.php?rest_route=\/wp\/v2\/media\/814"}],"wp:attachment":[{"href":"https:\/\/www.lindforsarkitekt.se\/index.php?rest_route=%2Fwp%2Fv2%2Fmedia&parent=199"}],"curies":[{"name":"wp","href":"https:\/\/api.w.org\/{rel}","templated":true}]}}