{"id":132,"date":"2024-08-26T10:40:53","date_gmt":"2024-08-26T08:40:53","guid":{"rendered":"https:\/\/www.lindforsarkitekt.se\/?page_id=132"},"modified":"2026-04-29T11:23:20","modified_gmt":"2026-04-29T09:23:20","slug":"kyrkor","status":"publish","type":"page","link":"https:\/\/www.lindforsarkitekt.se\/?page_id=132","title":{"rendered":"Kyrkliga byggnader"},"content":{"rendered":"\n<p>Lindfors Arkitektkontor har sen starten 1958 arbetat med m\u00e5nga kyrkliga projekt, b\u00e5de f\u00f6r Svenska kyrkan och f\u00f6r olika frikyrkliga f\u00f6rsamlingar.<\/p>\n\n\n\n<p><a href=\"https:\/\/www.lindforsarkitekt.se\/wp-content\/uploads\/2026\/04\/REFERENSLISTA-kyrkor-Lindfors-Arkitektkontor-3.pdf\">https:\/\/www.lindforsarkitekt.se\/wp-content\/uploads\/2026\/04\/REFERENSLISTA-kyrkor-Lindfors-Arkitektkontor-3.pdf<\/a><\/p>\n\n\n\n<figure class=\"wp-block-gallery has-nested-images columns-default is-cropped wp-block-gallery-1 is-layout-flex wp-block-gallery-is-layout-flex\">\n<figure class=\"wp-block-image size-large\"><a href=\"https:\/\/www.lindforsarkitekt.se\/?page_id=280\"><img loading=\"lazy\" decoding=\"async\" width=\"1024\" height=\"683\" data-id=\"621\" src=\"https:\/\/www.lindforsarkitekt.se\/wp-content\/uploads\/2024\/09\/Anlita_arkitekt_Lindfors_Fassberg_4-1024x683.jpg\" alt=\"\" class=\"wp-image-621\" srcset=\"https:\/\/www.lindforsarkitekt.se\/wp-content\/uploads\/2024\/09\/Anlita_arkitekt_Lindfors_Fassberg_4-1024x683.jpg 1024w, https:\/\/www.lindforsarkitekt.se\/wp-content\/uploads\/2024\/09\/Anlita_arkitekt_Lindfors_Fassberg_4-300x200.jpg 300w, https:\/\/www.lindforsarkitekt.se\/wp-content\/uploads\/2024\/09\/Anlita_arkitekt_Lindfors_Fassberg_4-2000x1333.jpg 2000w, https:\/\/www.lindforsarkitekt.se\/wp-content\/uploads\/2024\/09\/Anlita_arkitekt_Lindfors_Fassberg_4-scaled-1536x1024.jpg 1536w, https:\/\/www.lindforsarkitekt.se\/wp-content\/uploads\/2024\/09\/Anlita_arkitekt_Lindfors_Fassberg_4-scaled-2048x1366.jpg 2048w, https:\/\/www.lindforsarkitekt.se\/wp-content\/uploads\/2024\/09\/Anlita_arkitekt_Lindfors_Fassberg_4-scaled-600x400.jpg 600w, https:\/\/www.lindforsarkitekt.se\/wp-content\/uploads\/2024\/09\/Anlita_arkitekt_Lindfors_Fassberg_4-scaled-1200x800.jpg 1200w\" sizes=\"auto, (max-width: 1024px) 100vw, 1024px\" \/><\/a><\/figure>\n\n\n\n<figure class=\"wp-block-image size-large\"><a href=\"https:\/\/www.lindforsarkitekt.se\/?page_id=697\"><img loading=\"lazy\" decoding=\"async\" width=\"1024\" height=\"576\" data-id=\"701\" src=\"https:\/\/www.lindforsarkitekt.se\/wp-content\/uploads\/2026\/04\/8B-1024x576.jpg\" alt=\"\" class=\"wp-image-701\" srcset=\"https:\/\/www.lindforsarkitekt.se\/wp-content\/uploads\/2026\/04\/8B-1024x576.jpg 1024w, https:\/\/www.lindforsarkitekt.se\/wp-content\/uploads\/2026\/04\/8B-300x169.jpg 300w, https:\/\/www.lindforsarkitekt.se\/wp-content\/uploads\/2026\/04\/8B.jpg 1920w\" sizes=\"auto, (max-width: 1024px) 100vw, 1024px\" \/><\/a><\/figure>\n\n\n\n<figure class=\"wp-block-image size-large\"><a href=\"https:\/\/www.lindforsarkitekt.se\/?page_id=344\"><img loading=\"lazy\" decoding=\"async\" width=\"1024\" height=\"461\" data-id=\"160\" src=\"https:\/\/www.lindforsarkitekt.se\/wp-content\/uploads\/2024\/08\/anlita-arkitekt-lindfors-arkitektkontor-vallersvikskyrkan2-1024x461.jpg\" alt=\"Vallersvikskyrkan\" class=\"wp-image-160\" srcset=\"https:\/\/www.lindforsarkitekt.se\/wp-content\/uploads\/2024\/08\/anlita-arkitekt-lindfors-arkitektkontor-vallersvikskyrkan2-1024x461.jpg 1024w, https:\/\/www.lindforsarkitekt.se\/wp-content\/uploads\/2024\/08\/anlita-arkitekt-lindfors-arkitektkontor-vallersvikskyrkan2-300x135.jpg 300w, https:\/\/www.lindforsarkitekt.se\/wp-content\/uploads\/2024\/08\/anlita-arkitekt-lindfors-arkitektkontor-vallersvikskyrkan2-768x346.jpg 768w, https:\/\/www.lindforsarkitekt.se\/wp-content\/uploads\/2024\/08\/anlita-arkitekt-lindfors-arkitektkontor-vallersvikskyrkan2-1536x691.jpg 1536w, https:\/\/www.lindforsarkitekt.se\/wp-content\/uploads\/2024\/08\/anlita-arkitekt-lindfors-arkitektkontor-vallersvikskyrkan2-600x270.jpg 600w, https:\/\/www.lindforsarkitekt.se\/wp-content\/uploads\/2024\/08\/anlita-arkitekt-lindfors-arkitektkontor-vallersvikskyrkan2-1200x540.jpg 1200w, https:\/\/www.lindforsarkitekt.se\/wp-content\/uploads\/2024\/08\/anlita-arkitekt-lindfors-arkitektkontor-vallersvikskyrkan2.jpg 2000w\" sizes=\"auto, (max-width: 1024px) 100vw, 1024px\" \/><\/a><\/figure>\n\n\n\n<figure class=\"wp-block-image size-large\"><a href=\"https:\/\/www.lindforsarkitekt.se\/?page_id=532\"><img loading=\"lazy\" decoding=\"async\" width=\"1024\" height=\"618\" data-id=\"176\" src=\"https:\/\/www.lindforsarkitekt.se\/wp-content\/uploads\/2024\/08\/anlita-arkitekt-lindfors-arkitektkontor-lindomeFC1-1-1024x618.jpg\" alt=\"\" class=\"wp-image-176\" srcset=\"https:\/\/www.lindforsarkitekt.se\/wp-content\/uploads\/2024\/08\/anlita-arkitekt-lindfors-arkitektkontor-lindomeFC1-1-1024x618.jpg 1024w, https:\/\/www.lindforsarkitekt.se\/wp-content\/uploads\/2024\/08\/anlita-arkitekt-lindfors-arkitektkontor-lindomeFC1-1-300x181.jpg 300w, https:\/\/www.lindforsarkitekt.se\/wp-content\/uploads\/2024\/08\/anlita-arkitekt-lindfors-arkitektkontor-lindomeFC1-1-768x463.jpg 768w, https:\/\/www.lindforsarkitekt.se\/wp-content\/uploads\/2024\/08\/anlita-arkitekt-lindfors-arkitektkontor-lindomeFC1-1-1536x927.jpg 1536w, https:\/\/www.lindforsarkitekt.se\/wp-content\/uploads\/2024\/08\/anlita-arkitekt-lindfors-arkitektkontor-lindomeFC1-1-600x362.jpg 600w, https:\/\/www.lindforsarkitekt.se\/wp-content\/uploads\/2024\/08\/anlita-arkitekt-lindfors-arkitektkontor-lindomeFC1-1-1200x724.jpg 1200w, https:\/\/www.lindforsarkitekt.se\/wp-content\/uploads\/2024\/08\/anlita-arkitekt-lindfors-arkitektkontor-lindomeFC1-1.jpg 1981w\" sizes=\"auto, (max-width: 1024px) 100vw, 1024px\" \/><\/a><\/figure>\n\n\n\n<figure class=\"wp-block-image size-large\"><img loading=\"lazy\" decoding=\"async\" width=\"1356\" height=\"1017\" data-id=\"849\" src=\"https:\/\/www.lindforsarkitekt.se\/wp-content\/uploads\/2026\/04\/HPIM0860-edited.jpg\" alt=\"\" class=\"wp-image-849\" srcset=\"https:\/\/www.lindforsarkitekt.se\/wp-content\/uploads\/2026\/04\/HPIM0860-edited.jpg 1356w, https:\/\/www.lindforsarkitekt.se\/wp-content\/uploads\/2026\/04\/HPIM0860-edited-300x225.jpg 300w, https:\/\/www.lindforsarkitekt.se\/wp-content\/uploads\/2026\/04\/HPIM0860-edited-1024x768.jpg 1024w\" sizes=\"auto, (max-width: 1356px) 100vw, 1356px\" \/><figcaption class=\"wp-element-caption\">Bifrostkyrkan i M\u00f6lndal<\/figcaption><\/figure>\n\n\n\n<figure class=\"wp-block-image size-large\"><img loading=\"lazy\" decoding=\"async\" width=\"1024\" height=\"768\" data-id=\"850\" src=\"https:\/\/www.lindforsarkitekt.se\/wp-content\/uploads\/2026\/04\/IMG_2717-1024x768.jpg\" alt=\"\" class=\"wp-image-850\" srcset=\"https:\/\/www.lindforsarkitekt.se\/wp-content\/uploads\/2026\/04\/IMG_2717-1024x768.jpg 1024w, https:\/\/www.lindforsarkitekt.se\/wp-content\/uploads\/2026\/04\/IMG_2717-300x225.jpg 300w, https:\/\/www.lindforsarkitekt.se\/wp-content\/uploads\/2026\/04\/IMG_2717-2000x1500.jpg 2000w\" sizes=\"auto, (max-width: 1024px) 100vw, 1024px\" \/><figcaption class=\"wp-element-caption\">Pingstkyrkan i M\u00f6lndal<\/figcaption><\/figure>\n\n\n\n<figure class=\"wp-block-image size-large\"><a href=\"https:\/\/www.lindforsarkitekt.se\/?page_id=441\"><img loading=\"lazy\" decoding=\"async\" width=\"1024\" height=\"724\" data-id=\"452\" src=\"https:\/\/www.lindforsarkitekt.se\/wp-content\/uploads\/2024\/08\/citykyrkan-Farg-o-mtrl-2019-11-11_Page_3-1024x724.jpg\" alt=\"\" class=\"wp-image-452\" srcset=\"https:\/\/www.lindforsarkitekt.se\/wp-content\/uploads\/2024\/08\/citykyrkan-Farg-o-mtrl-2019-11-11_Page_3-1024x724.jpg 1024w, https:\/\/www.lindforsarkitekt.se\/wp-content\/uploads\/2024\/08\/citykyrkan-Farg-o-mtrl-2019-11-11_Page_3-300x212.jpg 300w, https:\/\/www.lindforsarkitekt.se\/wp-content\/uploads\/2024\/08\/citykyrkan-Farg-o-mtrl-2019-11-11_Page_3-768x543.jpg 768w, https:\/\/www.lindforsarkitekt.se\/wp-content\/uploads\/2024\/08\/citykyrkan-Farg-o-mtrl-2019-11-11_Page_3-1536x1086.jpg 1536w, https:\/\/www.lindforsarkitekt.se\/wp-content\/uploads\/2024\/08\/citykyrkan-Farg-o-mtrl-2019-11-11_Page_3-2048x1448.jpg 2048w\" sizes=\"auto, (max-width: 1024px) 100vw, 1024px\" \/><\/a><\/figure>\n\n\n\n<figure class=\"wp-block-image size-large\"><a href=\"https:\/\/www.lindforsarkitekt.se\/?page_id=441\"><img loading=\"lazy\" decoding=\"async\" width=\"900\" height=\"753\" data-id=\"928\" src=\"https:\/\/www.lindforsarkitekt.se\/wp-content\/uploads\/2026\/04\/Anlita_Arkitekt_Lindfors_-Filadelfia_9.jpg\" alt=\"\" class=\"wp-image-928\" srcset=\"https:\/\/www.lindforsarkitekt.se\/wp-content\/uploads\/2026\/04\/Anlita_Arkitekt_Lindfors_-Filadelfia_9.jpg 900w, https:\/\/www.lindforsarkitekt.se\/wp-content\/uploads\/2026\/04\/Anlita_Arkitekt_Lindfors_-Filadelfia_9-300x251.jpg 300w, https:\/\/www.lindforsarkitekt.se\/wp-content\/uploads\/2026\/04\/Anlita_Arkitekt_Lindfors_-Filadelfia_9-600x502.jpg 600w\" sizes=\"auto, (max-width: 900px) 100vw, 900px\" \/><\/a><\/figure>\n\n\n\n<figure class=\"wp-block-image size-large\"><a href=\"https:\/\/www.lindforsarkitekt.se\/?page_id=441\"><img loading=\"lazy\" decoding=\"async\" width=\"1024\" height=\"768\" data-id=\"444\" src=\"https:\/\/www.lindforsarkitekt.se\/wp-content\/uploads\/2024\/08\/frihamnskyrkan-1024x768.jpg\" alt=\"\" class=\"wp-image-444\" srcset=\"https:\/\/www.lindforsarkitekt.se\/wp-content\/uploads\/2024\/08\/frihamnskyrkan-1024x768.jpg 1024w, https:\/\/www.lindforsarkitekt.se\/wp-content\/uploads\/2024\/08\/frihamnskyrkan-300x225.jpg 300w, https:\/\/www.lindforsarkitekt.se\/wp-content\/uploads\/2024\/08\/frihamnskyrkan-768x576.jpg 768w, https:\/\/www.lindforsarkitekt.se\/wp-content\/uploads\/2024\/08\/frihamnskyrkan-1536x1152.jpg 1536w, https:\/\/www.lindforsarkitekt.se\/wp-content\/uploads\/2024\/08\/frihamnskyrkan-2048x1536.jpg 2048w, https:\/\/www.lindforsarkitekt.se\/wp-content\/uploads\/2024\/08\/frihamnskyrkan-600x450.jpg 600w, https:\/\/www.lindforsarkitekt.se\/wp-content\/uploads\/2024\/08\/frihamnskyrkan-1200x900.jpg 1200w\" sizes=\"auto, (max-width: 1024px) 100vw, 1024px\" \/><\/a><\/figure>\n<\/figure>\n\n\n\n<p><\/p>\n","protected":false},"excerpt":{"rendered":"<p>Lindfors Arkitektkontor har sen starten 1958 arbetat med m\u00e5nga kyrkliga projekt, b\u00e5de f\u00f6r Svenska kyrkan och f\u00f6r olika frikyrkliga f\u00f6rsamlingar. https:\/\/www.lindforsarkitekt.se\/wp-content\/uploads\/2026\/04\/REFERENSLISTA-kyrkor-Lindfors-Arkitektkontor-3.pdf<\/p>\n","protected":false},"author":1,"featured_media":700,"parent":0,"menu_order":0,"comment_status":"closed","ping_status":"closed","template":"","meta":{"_monsterinsights_skip_tracking":false,"_monsterinsights_sitenote_active":false,"_monsterinsights_sitenote_note":"","_monsterinsights_sitenote_category":0,"footnotes":""},"class_list":["post-132","page","type-page","status-publish","has-post-thumbnail","hentry"],"yoast_head":"<!-- This site is optimized with the Yoast SEO plugin v27.5 - https:\/\/yoast.com\/product\/yoast-seo-wordpress\/ -->\n<title>Kyrkliga byggnader - Lindfors Arkitektkontor AB<\/title>\n<meta name=\"description\" content=\"Kyrkor\" \/>\n<meta name=\"robots\" content=\"index, follow, max-snippet:-1, max-image-preview:large, max-video-preview:-1\" \/>\n<link rel=\"canonical\" href=\"https:\/\/www.lindforsarkitekt.se\/?page_id=132\" \/>\n<meta property=\"og:locale\" content=\"sv_SE\" \/>\n<meta property=\"og:type\" content=\"article\" \/>\n<meta property=\"og:title\" content=\"Kyrkliga byggnader - Lindfors Arkitektkontor AB\" \/>\n<meta property=\"og:description\" content=\"Kyrkor\" \/>\n<meta property=\"og:url\" content=\"https:\/\/www.lindforsarkitekt.se\/?page_id=132\" \/>\n<meta property=\"og:site_name\" content=\"Lindfors Arkitektkontor AB\" \/>\n<meta property=\"article:modified_time\" content=\"2026-04-29T09:23:20+00:00\" \/>\n<meta property=\"og:image\" content=\"https:\/\/www.lindforsarkitekt.se\/wp-content\/uploads\/2026\/04\/8-edited.jpg\" \/>\n\t<meta property=\"og:image:width\" content=\"1306\" \/>\n\t<meta property=\"og:image:height\" content=\"735\" \/>\n\t<meta property=\"og:image:type\" content=\"image\/jpeg\" \/>\n<meta name=\"twitter:card\" content=\"summary_large_image\" \/>\n<meta name=\"twitter:label1\" content=\"Ber\u00e4knad l\u00e4stid\" \/>\n\t<meta name=\"twitter:data1\" content=\"3 minuter\" \/>\n<script type=\"application\/ld+json\" class=\"yoast-schema-graph\">{\"@context\":\"https:\\\/\\\/schema.org\",\"@graph\":[{\"@type\":\"WebPage\",\"@id\":\"https:\\\/\\\/www.lindforsarkitekt.se\\\/?page_id=132\",\"url\":\"https:\\\/\\\/www.lindforsarkitekt.se\\\/?page_id=132\",\"name\":\"Kyrkliga byggnader - Lindfors Arkitektkontor AB\",\"isPartOf\":{\"@id\":\"https:\\\/\\\/www.lindforsarkitekt.se\\\/#website\"},\"primaryImageOfPage\":{\"@id\":\"https:\\\/\\\/www.lindforsarkitekt.se\\\/?page_id=132#primaryimage\"},\"image\":{\"@id\":\"https:\\\/\\\/www.lindforsarkitekt.se\\\/?page_id=132#primaryimage\"},\"thumbnailUrl\":\"https:\\\/\\\/www.lindforsarkitekt.se\\\/wp-content\\\/uploads\\\/2026\\\/04\\\/8-edited.jpg\",\"datePublished\":\"2024-08-26T08:40:53+00:00\",\"dateModified\":\"2026-04-29T09:23:20+00:00\",\"description\":\"Kyrkor\",\"breadcrumb\":{\"@id\":\"https:\\\/\\\/www.lindforsarkitekt.se\\\/?page_id=132#breadcrumb\"},\"inLanguage\":\"sv-SE\",\"potentialAction\":[{\"@type\":\"ReadAction\",\"target\":[\"https:\\\/\\\/www.lindforsarkitekt.se\\\/?page_id=132\"]}]},{\"@type\":\"ImageObject\",\"inLanguage\":\"sv-SE\",\"@id\":\"https:\\\/\\\/www.lindforsarkitekt.se\\\/?page_id=132#primaryimage\",\"url\":\"https:\\\/\\\/www.lindforsarkitekt.se\\\/wp-content\\\/uploads\\\/2026\\\/04\\\/8-edited.jpg\",\"contentUrl\":\"https:\\\/\\\/www.lindforsarkitekt.se\\\/wp-content\\\/uploads\\\/2026\\\/04\\\/8-edited.jpg\",\"width\":1306,\"height\":735,\"caption\":\"Om- och tillbyggnad av Skogskapellet i Kungabacka\"},{\"@type\":\"BreadcrumbList\",\"@id\":\"https:\\\/\\\/www.lindforsarkitekt.se\\\/?page_id=132#breadcrumb\",\"itemListElement\":[{\"@type\":\"ListItem\",\"position\":1,\"name\":\"Home\",\"item\":\"https:\\\/\\\/www.lindforsarkitekt.se\\\/\"},{\"@type\":\"ListItem\",\"position\":2,\"name\":\"Kyrkliga byggnader\"}]},{\"@type\":\"WebSite\",\"@id\":\"https:\\\/\\\/www.lindforsarkitekt.se\\\/#website\",\"url\":\"https:\\\/\\\/www.lindforsarkitekt.se\\\/\",\"name\":\"Lindfors Arkitektkontor AB\",\"description\":\"\",\"publisher\":{\"@id\":\"https:\\\/\\\/www.lindforsarkitekt.se\\\/#organization\"},\"potentialAction\":[{\"@type\":\"SearchAction\",\"target\":{\"@type\":\"EntryPoint\",\"urlTemplate\":\"https:\\\/\\\/www.lindforsarkitekt.se\\\/?s={search_term_string}\"},\"query-input\":{\"@type\":\"PropertyValueSpecification\",\"valueRequired\":true,\"valueName\":\"search_term_string\"}}],\"inLanguage\":\"sv-SE\"},{\"@type\":\"Organization\",\"@id\":\"https:\\\/\\\/www.lindforsarkitekt.se\\\/#organization\",\"name\":\"Lindfors Arkitektkontor AB\",\"url\":\"https:\\\/\\\/www.lindforsarkitekt.se\\\/\",\"logo\":{\"@type\":\"ImageObject\",\"inLanguage\":\"sv-SE\",\"@id\":\"https:\\\/\\\/www.lindforsarkitekt.se\\\/#\\\/schema\\\/logo\\\/image\\\/\",\"url\":\"https:\\\/\\\/www.lindforsarkitekt.se\\\/wp-content\\\/uploads\\\/2024\\\/08\\\/Lindfors-logo_vit_utan-linje.png\",\"contentUrl\":\"https:\\\/\\\/www.lindforsarkitekt.se\\\/wp-content\\\/uploads\\\/2024\\\/08\\\/Lindfors-logo_vit_utan-linje.png\",\"width\":5942,\"height\":1226,\"caption\":\"Lindfors Arkitektkontor AB\"},\"image\":{\"@id\":\"https:\\\/\\\/www.lindforsarkitekt.se\\\/#\\\/schema\\\/logo\\\/image\\\/\"}}]}<\/script>\n<!-- \/ Yoast SEO plugin. -->","yoast_head_json":{"title":"Kyrkliga byggnader - Lindfors Arkitektkontor AB","description":"Kyrkor","robots":{"index":"index","follow":"follow","max-snippet":"max-snippet:-1","max-image-preview":"max-image-preview:large","max-video-preview":"max-video-preview:-1"},"canonical":"https:\/\/www.lindforsarkitekt.se\/?page_id=132","og_locale":"sv_SE","og_type":"article","og_title":"Kyrkliga byggnader - Lindfors Arkitektkontor AB","og_description":"Kyrkor","og_url":"https:\/\/www.lindforsarkitekt.se\/?page_id=132","og_site_name":"Lindfors Arkitektkontor AB","article_modified_time":"2026-04-29T09:23:20+00:00","og_image":[{"width":1306,"height":735,"url":"https:\/\/www.lindforsarkitekt.se\/wp-content\/uploads\/2026\/04\/8-edited.jpg","type":"image\/jpeg"}],"twitter_card":"summary_large_image","twitter_misc":{"Ber\u00e4knad l\u00e4stid":"3 minuter"},"schema":{"@context":"https:\/\/schema.org","@graph":[{"@type":"WebPage","@id":"https:\/\/www.lindforsarkitekt.se\/?page_id=132","url":"https:\/\/www.lindforsarkitekt.se\/?page_id=132","name":"Kyrkliga byggnader - Lindfors Arkitektkontor AB","isPartOf":{"@id":"https:\/\/www.lindforsarkitekt.se\/#website"},"primaryImageOfPage":{"@id":"https:\/\/www.lindforsarkitekt.se\/?page_id=132#primaryimage"},"image":{"@id":"https:\/\/www.lindforsarkitekt.se\/?page_id=132#primaryimage"},"thumbnailUrl":"https:\/\/www.lindforsarkitekt.se\/wp-content\/uploads\/2026\/04\/8-edited.jpg","datePublished":"2024-08-26T08:40:53+00:00","dateModified":"2026-04-29T09:23:20+00:00","description":"Kyrkor","breadcrumb":{"@id":"https:\/\/www.lindforsarkitekt.se\/?page_id=132#breadcrumb"},"inLanguage":"sv-SE","potentialAction":[{"@type":"ReadAction","target":["https:\/\/www.lindforsarkitekt.se\/?page_id=132"]}]},{"@type":"ImageObject","inLanguage":"sv-SE","@id":"https:\/\/www.lindforsarkitekt.se\/?page_id=132#primaryimage","url":"https:\/\/www.lindforsarkitekt.se\/wp-content\/uploads\/2026\/04\/8-edited.jpg","contentUrl":"https:\/\/www.lindforsarkitekt.se\/wp-content\/uploads\/2026\/04\/8-edited.jpg","width":1306,"height":735,"caption":"Om- och tillbyggnad av Skogskapellet i Kungabacka"},{"@type":"BreadcrumbList","@id":"https:\/\/www.lindforsarkitekt.se\/?page_id=132#breadcrumb","itemListElement":[{"@type":"ListItem","position":1,"name":"Home","item":"https:\/\/www.lindforsarkitekt.se\/"},{"@type":"ListItem","position":2,"name":"Kyrkliga byggnader"}]},{"@type":"WebSite","@id":"https:\/\/www.lindforsarkitekt.se\/#website","url":"https:\/\/www.lindforsarkitekt.se\/","name":"Lindfors Arkitektkontor AB","description":"","publisher":{"@id":"https:\/\/www.lindforsarkitekt.se\/#organization"},"potentialAction":[{"@type":"SearchAction","target":{"@type":"EntryPoint","urlTemplate":"https:\/\/www.lindforsarkitekt.se\/?s={search_term_string}"},"query-input":{"@type":"PropertyValueSpecification","valueRequired":true,"valueName":"search_term_string"}}],"inLanguage":"sv-SE"},{"@type":"Organization","@id":"https:\/\/www.lindforsarkitekt.se\/#organization","name":"Lindfors Arkitektkontor AB","url":"https:\/\/www.lindforsarkitekt.se\/","logo":{"@type":"ImageObject","inLanguage":"sv-SE","@id":"https:\/\/www.lindforsarkitekt.se\/#\/schema\/logo\/image\/","url":"https:\/\/www.lindforsarkitekt.se\/wp-content\/uploads\/2024\/08\/Lindfors-logo_vit_utan-linje.png","contentUrl":"https:\/\/www.lindforsarkitekt.se\/wp-content\/uploads\/2024\/08\/Lindfors-logo_vit_utan-linje.png","width":5942,"height":1226,"caption":"Lindfors Arkitektkontor AB"},"image":{"@id":"https:\/\/www.lindforsarkitekt.se\/#\/schema\/logo\/image\/"}}]}},"featured_media_urls":{"thumbnail":["https:\/\/www.lindforsarkitekt.se\/wp-content\/uploads\/2026\/04\/8-edited-150x150.jpg",150,150,true],"medium":["https:\/\/www.lindforsarkitekt.se\/wp-content\/uploads\/2026\/04\/8-edited-300x169.jpg",300,169,true],"medium_large":["https:\/\/www.lindforsarkitekt.se\/wp-content\/uploads\/2026\/04\/8-edited.jpg",768,432,false],"large":["https:\/\/www.lindforsarkitekt.se\/wp-content\/uploads\/2026\/04\/8-edited-1024x576.jpg",950,534,true],"1536x1536":["https:\/\/www.lindforsarkitekt.se\/wp-content\/uploads\/2026\/04\/8-edited.jpg",1306,735,false],"2048x2048":["https:\/\/www.lindforsarkitekt.se\/wp-content\/uploads\/2026\/04\/8-edited.jpg",1306,735,false],"inspiro-featured-image":["https:\/\/www.lindforsarkitekt.se\/wp-content\/uploads\/2026\/04\/8-edited.jpg",1306,735,false],"inspiro-loop":["https:\/\/www.lindforsarkitekt.se\/wp-content\/uploads\/2026\/04\/8-edited-950x320.jpg",950,320,true],"inspiro-loop@2x":["https:\/\/www.lindforsarkitekt.se\/wp-content\/uploads\/2026\/04\/8-edited-1306x640.jpg",1306,640,true],"portfolio_item-thumbnail":["https:\/\/www.lindforsarkitekt.se\/wp-content\/uploads\/2026\/04\/8-edited-600x400.jpg",600,400,true],"portfolio_item-thumbnail@2x":["https:\/\/www.lindforsarkitekt.se\/wp-content\/uploads\/2026\/04\/8-edited-1200x735.jpg",1200,735,true],"portfolio_item-masonry":["https:\/\/www.lindforsarkitekt.se\/wp-content\/uploads\/2026\/04\/8-edited-600x338.jpg",600,338,true],"portfolio_item-masonry@2x":["https:\/\/www.lindforsarkitekt.se\/wp-content\/uploads\/2026\/04\/8-edited-1200x675.jpg",1200,675,true],"portfolio_item-thumbnail_cinema":["https:\/\/www.lindforsarkitekt.se\/wp-content\/uploads\/2026\/04\/8-edited-800x335.jpg",800,335,true],"portfolio_item-thumbnail_portrait":["https:\/\/www.lindforsarkitekt.se\/wp-content\/uploads\/2026\/04\/8-edited-600x735.jpg",600,735,true],"portfolio_item-thumbnail_portrait@2x":["https:\/\/www.lindforsarkitekt.se\/wp-content\/uploads\/2026\/04\/8-edited-1200x735.jpg",1200,735,true],"portfolio_item-thumbnail_square":["https:\/\/www.lindforsarkitekt.se\/wp-content\/uploads\/2026\/04\/8-edited-800x735.jpg",800,735,true]},"_links":{"self":[{"href":"https:\/\/www.lindforsarkitekt.se\/index.php?rest_route=\/wp\/v2\/pages\/132","targetHints":{"allow":["GET"]}}],"collection":[{"href":"https:\/\/www.lindforsarkitekt.se\/index.php?rest_route=\/wp\/v2\/pages"}],"about":[{"href":"https:\/\/www.lindforsarkitekt.se\/index.php?rest_route=\/wp\/v2\/types\/page"}],"author":[{"embeddable":true,"href":"https:\/\/www.lindforsarkitekt.se\/index.php?rest_route=\/wp\/v2\/users\/1"}],"replies":[{"embeddable":true,"href":"https:\/\/www.lindforsarkitekt.se\/index.php?rest_route=%2Fwp%2Fv2%2Fcomments&post=132"}],"version-history":[{"count":6,"href":"https:\/\/www.lindforsarkitekt.se\/index.php?rest_route=\/wp\/v2\/pages\/132\/revisions"}],"predecessor-version":[{"id":937,"href":"https:\/\/www.lindforsarkitekt.se\/index.php?rest_route=\/wp\/v2\/pages\/132\/revisions\/937"}],"wp:featuredmedia":[{"embeddable":true,"href":"https:\/\/www.lindforsarkitekt.se\/index.php?rest_route=\/wp\/v2\/media\/700"}],"wp:attachment":[{"href":"https:\/\/www.lindforsarkitekt.se\/index.php?rest_route=%2Fwp%2Fv2%2Fmedia&parent=132"}],"curies":[{"name":"wp","href":"https:\/\/api.w.org\/{rel}","templated":true}]}}